{"id":380,"date":"2014-11-28T11:19:29","date_gmt":"2014-11-28T11:19:29","guid":{"rendered":"http:\/\/www.kursaal.eus\/?page_id=380"},"modified":"2022-11-22T13:36:54","modified_gmt":"2022-11-22T13:36:54","slug":"enbaxadore-2012","status":"publish","type":"page","link":"https:\/\/www.kursaal.eus\/es\/kursaal\/programa-enbaxadores\/enbaxadore-2012\/","title":{"rendered":"Enbaxadore 2012"},"content":{"rendered":"<div class=\"row\">\n<div class=\"col-md-5\">\n<p>El <a href=\"http:\/\/www.kursaal.eus\/es\/kursaal\/programa-enbaxadores\/\">programa Enbaxadore<\/a> nombr\u00f3 en su primera edici\u00f3n 29 embajadores, que recibieron en 2012 el documento acreditativo, un reconocimiento simb\u00f3lico a la labor que los profesionales del \u00e1mbito m\u00e9dico, cient\u00edfico o tecnol\u00f3gico y universitario han realizado para que un buen n\u00famero de congresos se celebren en Donostia-San Sebasti\u00e1n.<\/p>\n<p>Kursaal y San Sebastian Turismo &amp; Convention Bureau, promotores del programa, entregaron en 2012 veintinueve distintivos a las personas gracias a las cuales Donostia y Gipuzkoa se han convertido en sede de importantes eventos nacionales e internacionales, favoreciendo as\u00ed la difusi\u00f3n y promoci\u00f3n del destino. Presentar una candidatura y responsabilizarse de la organizaci\u00f3n de un congreso supone un esfuerzo que Kursaal y San Sebasti\u00e1n Convention Bureau quieren subrayar porque de esta labor desinteresada deriva una importante repercusi\u00f3n, tanto a nivel econ\u00f3mico como generadora y difusora del conocimiento en nuestro entorno.<\/p>\n<\/div>\n<div class=\"col-md-5\">\n<p><b>Pedro Miguel Etxenike, primer embajador honorario<\/b><\/p>\n<p>En esta edici\u00f3n del programa se nombr\u00f3 a Pedro Miguel Etxenike primer \u201cembajador honorario\u201d, cargo que se otorga, como es su caso, a una persona influyente en su campo, de gran prestigio nacional e internacional, que act\u00faa a modo de prescriptor de la ciudad. El cient\u00edfico vasco y Premio Pr\u00edncipe de Asturias, Pedro Miguel Etxenike, es adem\u00e1s embajador honorario fundacional.<\/p>\n<p>El reconocimiento a la labor de estos profesionales \u2013que consiguen una mayor proyecci\u00f3n, a nivel nacional e internacional de la ciudad de Donostia como destino de reuniones\u2013 se refleja en la pertenencia a un \u201cclub\u201d selecto que re\u00fane a diferentes personas que han destacado por su labor proactiva en la captaci\u00f3n de eventos congresuales. Enbaxadore cuenta con una bater\u00eda de acciones y beneficios para \u201cpremiar\u201d esta labor y motivar a los profesionales a presentar candidaturas de congresos y reuniones con sede en Donostia.<\/p>\n<\/div>\n<div class=\"col-md-2\">\n<p><a href=\"http:\/\/www.kursaal.eus\/eu\/2015\/01\/fotos-enbaxadore-2012\/\"><img loading=\"lazy\" decoding=\"async\" class=\"alignnone size-full wp-image-334\" src=\"http:\/\/www.kursaal.eus\/wp-content\/uploads\/2014\/08\/fotos.png\" alt=\"fotos\" width=\"32\" height=\"32\" \/><\/a><\/p>\n<ul class=\"_menu-interno_ submenu  mayusculas\"><li class=\"current\"><a href=\"https:\/\/www.kursaal.eus\/es\/kursaal\/programa-enbaxadores\/enbaxadore-2012\/\">Enbaxadore 2012<\/a><\/li><li><a href=\"https:\/\/www.kursaal.eus\/es\/kursaal\/programa-enbaxadores\/enbaxadore-2014\/\">Enbaxadore 2014<\/a><\/li><li><a href=\"https:\/\/www.kursaal.eus\/es\/kursaal\/programa-enbaxadores\/enbaxadore-2015-2\/\">Enbaxadore 2015<\/a><\/li><li><a href=\"https:\/\/www.kursaal.eus\/es\/kursaal\/programa-enbaxadores\/enbaxadore-2016\/\">Enbaxadore 2016<\/a><\/li><li><a href=\"https:\/\/www.kursaal.eus\/es\/kursaal\/programa-enbaxadores\/enbaxadore-2017\/\">Enbaxadore 2017<\/a><\/li><li><a href=\"https:\/\/www.kursaal.eus\/es\/kursaal\/programa-enbaxadores\/enbaxadore-2018\/\">Enbaxadore 2018<\/a><\/li><li><a href=\"https:\/\/www.kursaal.eus\/es\/kursaal\/programa-enbaxadores\/enbaxadore-2021\/\">Enbaxadore 2021<\/a><\/li><li><a href=\"https:\/\/www.kursaal.eus\/es\/kursaal\/programa-enbaxadores\/enbaxadore-2021-2\/\">Enbaxadore 2023<\/a><\/li><li><a href=\"https:\/\/www.kursaal.eus\/es\/kursaal\/programa-enbaxadores\/enbaxadore-2021-2-2\/\">Enbaxadore 2026<\/a><\/li><\/ul>\n<\/div>\n<\/div>\n","protected":false},"excerpt":{"rendered":"<p>El programa Enbaxadore nombr\u00f3 en su primera edici\u00f3n 29 embajadores, que recibieron en 2012 el documento acreditativo, un reconocimiento simb\u00f3lico a la labor que los profesionales del \u00e1mbito m\u00e9dico, cient\u00edfico o tecnol\u00f3gico y universitario han [&hellip;]<\/p>\n","protected":false},"author":10000095,"featured_media":1539,"parent":81,"menu_order":0,"comment_status":"open","ping_status":"open","template":"page-kursaal.php","meta":{"_acf_changed":false,"footnotes":""},"class_list":["post-380","page","type-page","status-publish","has-post-thumbnail","hentry"],"acf":[],"yoast_head":"<!-- This site is optimized with the Yoast SEO plugin v27.0 - https:\/\/yoast.com\/product\/yoast-seo-wordpress\/ -->\n<title>Enbaxadore 2012 - Kursaal Donostia - San Sebasti\u00e1n<\/title>\n<meta name=\"robots\" content=\"index, follow, max-snippet:-1, max-image-preview:large, max-video-preview:-1\" \/>\n<link rel=\"canonical\" href=\"https:\/\/www.kursaal.eus\/es\/kursaal\/programa-enbaxadores\/enbaxadore-2012\/\" \/>\n<meta property=\"og:locale\" content=\"es_ES\" \/>\n<meta property=\"og:type\" content=\"article\" \/>\n<meta property=\"og:title\" content=\"Enbaxadore 2012 - Kursaal Donostia - San Sebasti\u00e1n\" \/>\n<meta property=\"og:description\" content=\"El programa Enbaxadore nombr\u00f3 en su primera edici\u00f3n 29 embajadores, que recibieron en 2012 el documento acreditativo, un reconocimiento simb\u00f3lico a la labor que los profesionales del \u00e1mbito m\u00e9dico, cient\u00edfico o tecnol\u00f3gico y universitario han [&hellip;]\" \/>\n<meta property=\"og:url\" content=\"https:\/\/www.kursaal.eus\/es\/kursaal\/programa-enbaxadores\/enbaxadore-2012\/\" \/>\n<meta property=\"og:site_name\" content=\"Kursaal Donostia - San Sebasti\u00e1n\" \/>\n<meta property=\"article:publisher\" content=\"https:\/\/www.facebook.com\/KursaalPalaciodeCongresosBiltzarJauregia\" \/>\n<meta property=\"article:modified_time\" content=\"2022-11-22T13:36:54+00:00\" \/>\n<meta property=\"og:image\" content=\"https:\/\/www.kursaal.eus\/wp-content\/uploads\/2015\/01\/embaxadore-2012-Embajadores-Kursaal.jpg\" \/>\n\t<meta property=\"og:image:width\" content=\"1200\" \/>\n\t<meta property=\"og:image:height\" content=\"616\" \/>\n\t<meta property=\"og:image:type\" content=\"image\/jpeg\" \/>\n<meta name=\"twitter:label1\" content=\"Tiempo de lectura\" \/>\n\t<meta name=\"twitter:data1\" content=\"2 minutos\" \/>\n<script type=\"application\/ld+json\" class=\"yoast-schema-graph\">{\"@context\":\"https:\/\/schema.org\",\"@graph\":[{\"@type\":\"WebPage\",\"@id\":\"https:\/\/www.kursaal.eus\/es\/kursaal\/programa-enbaxadores\/enbaxadore-2012\/\",\"url\":\"https:\/\/www.kursaal.eus\/es\/kursaal\/programa-enbaxadores\/enbaxadore-2012\/\",\"name\":\"Enbaxadore 2012 - Kursaal Donostia - San Sebasti\u00e1n\",\"isPartOf\":{\"@id\":\"https:\/\/www.kursaal.eus\/es\/#website\"},\"primaryImageOfPage\":{\"@id\":\"https:\/\/www.kursaal.eus\/es\/kursaal\/programa-enbaxadores\/enbaxadore-2012\/#primaryimage\"},\"image\":{\"@id\":\"https:\/\/www.kursaal.eus\/es\/kursaal\/programa-enbaxadores\/enbaxadore-2012\/#primaryimage\"},\"thumbnailUrl\":\"https:\/\/www.kursaal.eus\/wp-content\/uploads\/2015\/01\/embaxadore-2012-Embajadores-Kursaal.jpg\",\"datePublished\":\"2014-11-28T11:19:29+00:00\",\"dateModified\":\"2022-11-22T13:36:54+00:00\",\"breadcrumb\":{\"@id\":\"https:\/\/www.kursaal.eus\/es\/kursaal\/programa-enbaxadores\/enbaxadore-2012\/#breadcrumb\"},\"inLanguage\":\"es\",\"potentialAction\":[{\"@type\":\"ReadAction\",\"target\":[\"https:\/\/www.kursaal.eus\/es\/kursaal\/programa-enbaxadores\/enbaxadore-2012\/\"]}]},{\"@type\":\"ImageObject\",\"inLanguage\":\"es\",\"@id\":\"https:\/\/www.kursaal.eus\/es\/kursaal\/programa-enbaxadores\/enbaxadore-2012\/#primaryimage\",\"url\":\"https:\/\/www.kursaal.eus\/wp-content\/uploads\/2015\/01\/embaxadore-2012-Embajadores-Kursaal.jpg\",\"contentUrl\":\"https:\/\/www.kursaal.eus\/wp-content\/uploads\/2015\/01\/embaxadore-2012-Embajadores-Kursaal.jpg\",\"width\":1200,\"height\":616},{\"@type\":\"BreadcrumbList\",\"@id\":\"https:\/\/www.kursaal.eus\/es\/kursaal\/programa-enbaxadores\/enbaxadore-2012\/#breadcrumb\",\"itemListElement\":[{\"@type\":\"ListItem\",\"position\":1,\"name\":\"Kursaal\",\"item\":\"https:\/\/www.kursaal.eus\/es\/kursaal\/\"},{\"@type\":\"ListItem\",\"position\":2,\"name\":\"Programa Enbaxadore\",\"item\":\"https:\/\/www.kursaal.eus\/es\/kursaal\/programa-enbaxadores\/\"},{\"@type\":\"ListItem\",\"position\":3,\"name\":\"Enbaxadore 2012\"}]},{\"@type\":\"WebSite\",\"@id\":\"https:\/\/www.kursaal.eus\/es\/#website\",\"url\":\"https:\/\/www.kursaal.eus\/es\/\",\"name\":\"Kursaal Donostia - San Sebasti\u00e1n\",\"description\":\"Palacio de Congresos y Auditorio\",\"potentialAction\":[{\"@type\":\"SearchAction\",\"target\":{\"@type\":\"EntryPoint\",\"urlTemplate\":\"https:\/\/www.kursaal.eus\/es\/?s={search_term_string}\"},\"query-input\":{\"@type\":\"PropertyValueSpecification\",\"valueRequired\":true,\"valueName\":\"search_term_string\"}}],\"inLanguage\":\"es\"}]}<\/script>\n<!-- \/ Yoast SEO plugin. -->","yoast_head_json":{"title":"Enbaxadore 2012 - Kursaal Donostia - San Sebasti\u00e1n","robots":{"index":"index","follow":"follow","max-snippet":"max-snippet:-1","max-image-preview":"max-image-preview:large","max-video-preview":"max-video-preview:-1"},"canonical":"https:\/\/www.kursaal.eus\/es\/kursaal\/programa-enbaxadores\/enbaxadore-2012\/","og_locale":"es_ES","og_type":"article","og_title":"Enbaxadore 2012 - Kursaal Donostia - San Sebasti\u00e1n","og_description":"El programa Enbaxadore nombr\u00f3 en su primera edici\u00f3n 29 embajadores, que recibieron en 2012 el documento acreditativo, un reconocimiento simb\u00f3lico a la labor que los profesionales del \u00e1mbito m\u00e9dico, cient\u00edfico o tecnol\u00f3gico y universitario han [&hellip;]","og_url":"https:\/\/www.kursaal.eus\/es\/kursaal\/programa-enbaxadores\/enbaxadore-2012\/","og_site_name":"Kursaal Donostia - San Sebasti\u00e1n","article_publisher":"https:\/\/www.facebook.com\/KursaalPalaciodeCongresosBiltzarJauregia","article_modified_time":"2022-11-22T13:36:54+00:00","og_image":[{"width":1200,"height":616,"url":"https:\/\/www.kursaal.eus\/wp-content\/uploads\/2015\/01\/embaxadore-2012-Embajadores-Kursaal.jpg","type":"image\/jpeg"}],"twitter_misc":{"Tiempo de lectura":"2 minutos"},"schema":{"@context":"https:\/\/schema.org","@graph":[{"@type":"WebPage","@id":"https:\/\/www.kursaal.eus\/es\/kursaal\/programa-enbaxadores\/enbaxadore-2012\/","url":"https:\/\/www.kursaal.eus\/es\/kursaal\/programa-enbaxadores\/enbaxadore-2012\/","name":"Enbaxadore 2012 - Kursaal Donostia - San Sebasti\u00e1n","isPartOf":{"@id":"https:\/\/www.kursaal.eus\/es\/#website"},"primaryImageOfPage":{"@id":"https:\/\/www.kursaal.eus\/es\/kursaal\/programa-enbaxadores\/enbaxadore-2012\/#primaryimage"},"image":{"@id":"https:\/\/www.kursaal.eus\/es\/kursaal\/programa-enbaxadores\/enbaxadore-2012\/#primaryimage"},"thumbnailUrl":"https:\/\/www.kursaal.eus\/wp-content\/uploads\/2015\/01\/embaxadore-2012-Embajadores-Kursaal.jpg","datePublished":"2014-11-28T11:19:29+00:00","dateModified":"2022-11-22T13:36:54+00:00","breadcrumb":{"@id":"https:\/\/www.kursaal.eus\/es\/kursaal\/programa-enbaxadores\/enbaxadore-2012\/#breadcrumb"},"inLanguage":"es","potentialAction":[{"@type":"ReadAction","target":["https:\/\/www.kursaal.eus\/es\/kursaal\/programa-enbaxadores\/enbaxadore-2012\/"]}]},{"@type":"ImageObject","inLanguage":"es","@id":"https:\/\/www.kursaal.eus\/es\/kursaal\/programa-enbaxadores\/enbaxadore-2012\/#primaryimage","url":"https:\/\/www.kursaal.eus\/wp-content\/uploads\/2015\/01\/embaxadore-2012-Embajadores-Kursaal.jpg","contentUrl":"https:\/\/www.kursaal.eus\/wp-content\/uploads\/2015\/01\/embaxadore-2012-Embajadores-Kursaal.jpg","width":1200,"height":616},{"@type":"BreadcrumbList","@id":"https:\/\/www.kursaal.eus\/es\/kursaal\/programa-enbaxadores\/enbaxadore-2012\/#breadcrumb","itemListElement":[{"@type":"ListItem","position":1,"name":"Kursaal","item":"https:\/\/www.kursaal.eus\/es\/kursaal\/"},{"@type":"ListItem","position":2,"name":"Programa Enbaxadore","item":"https:\/\/www.kursaal.eus\/es\/kursaal\/programa-enbaxadores\/"},{"@type":"ListItem","position":3,"name":"Enbaxadore 2012"}]},{"@type":"WebSite","@id":"https:\/\/www.kursaal.eus\/es\/#website","url":"https:\/\/www.kursaal.eus\/es\/","name":"Kursaal Donostia - San Sebasti\u00e1n","description":"Palacio de Congresos y Auditorio","potentialAction":[{"@type":"SearchAction","target":{"@type":"EntryPoint","urlTemplate":"https:\/\/www.kursaal.eus\/es\/?s={search_term_string}"},"query-input":{"@type":"PropertyValueSpecification","valueRequired":true,"valueName":"search_term_string"}}],"inLanguage":"es"}]}},"_links":{"self":[{"href":"https:\/\/www.kursaal.eus\/es\/wp-json\/wp\/v2\/pages\/380","targetHints":{"allow":["GET"]}}],"collection":[{"href":"https:\/\/www.kursaal.eus\/es\/wp-json\/wp\/v2\/pages"}],"about":[{"href":"https:\/\/www.kursaal.eus\/es\/wp-json\/wp\/v2\/types\/page"}],"author":[{"embeddable":true,"href":"https:\/\/www.kursaal.eus\/es\/wp-json\/wp\/v2\/users\/10000095"}],"replies":[{"embeddable":true,"href":"https:\/\/www.kursaal.eus\/es\/wp-json\/wp\/v2\/comments?post=380"}],"version-history":[{"count":13,"href":"https:\/\/www.kursaal.eus\/es\/wp-json\/wp\/v2\/pages\/380\/revisions"}],"predecessor-version":[{"id":67879,"href":"https:\/\/www.kursaal.eus\/es\/wp-json\/wp\/v2\/pages\/380\/revisions\/67879"}],"up":[{"embeddable":true,"href":"https:\/\/www.kursaal.eus\/es\/wp-json\/wp\/v2\/pages\/81"}],"wp:featuredmedia":[{"embeddable":true,"href":"https:\/\/www.kursaal.eus\/es\/wp-json\/wp\/v2\/media\/1539"}],"wp:attachment":[{"href":"https:\/\/www.kursaal.eus\/es\/wp-json\/wp\/v2\/media?parent=380"}],"curies":[{"name":"wp","href":"https:\/\/api.w.org\/{rel}","templated":true}]}}