{"id":2304,"date":"2015-02-09T12:43:06","date_gmt":"2015-02-09T12:43:06","guid":{"rendered":"http:\/\/www.kursaal.eus\/?page_id=2304"},"modified":"2022-02-17T13:21:53","modified_gmt":"2022-02-17T13:21:53","slug":"aviso-legal-propiedad-intelectual-y-condiciones-de-uso","status":"publish","type":"page","link":"https:\/\/www.kursaal.eus\/es\/aviso-legal-propiedad-intelectual-y-condiciones-de-uso\/","title":{"rendered":"Aviso Legal, Propiedad Intelectual y Condiciones de Uso"},"content":{"rendered":"<div class=\"row\">\n<div class=\"col-md-8 offset-md-2\">\n<p>&nbsp;<\/p>\n<p>&nbsp;<\/p>\n<p><strong>CENTRO KURSAAL-KURSAAL ELKARGUNEA, S.A. <\/strong>(en adelante,<strong> \u201cKURSAAL\u201d<\/strong>) facilita a los usuarios (el \u00ab<strong>Usuario<\/strong>\u00bb o los \u00ab<strong>Usuarios<\/strong>\u00ab) del presente sitio web, <a href=\"http:\/\/www.kursaal.eus\/\">www.kursaal.eus<\/a>, (en adelante el \u00ab<strong>Sitio Web\u201d<\/strong>) los siguientes datos de informaci\u00f3n general, de acuerdo con lo previsto en el art\u00edculo 10 de la <em>Ley 34\/2002, de 11 de julio, de Servicios de la Sociedad de la Informaci\u00f3n y de Comercio Electr\u00f3nico<\/em> (la \u00ab<strong>LSSI<\/strong>\u00ab).<br \/>\n<\/br><\/p>\n<h4><strong>Tratamiento legal <\/strong><\/h4>\n<p>Denominaci\u00f3n: <strong>CENTRO KURSAAL-KURSAAL ELKARGUNEA, S.A. <\/strong>(en adelante,<strong> \u201cKURSAAL\u201d<\/strong>)<br \/>\nC.I.F. \/N.I.F.: <strong>A20501185<br \/>\n<\/strong>Domicilio Social: <strong>Avenida Zurriola n\u00ba 1<\/strong><em>, <\/em><strong>20002,<\/strong> <strong>San Sebasti\u00e1n (Guip\u00fazcoa)<br \/>\n<\/strong>Inscrita en el Registro Mercantil de Guip\u00fazcoa, Tomo 2626, hoja SS 9292<br \/>\nTel\u00e9fono: <strong>943003000<br \/>\n<\/strong>Correo electr\u00f3nico: <a href=\"mailto:kursaal@kursaal.eus\"><strong>kursaal@kursaal.eus<\/strong><\/a><\/p>\n<p><strong>KURSAAL<\/strong> tiene designado un delegado de protecci\u00f3n de datos. Para contactar puede usar las direcciones postales y electr\u00f3nica antes indicadas o la siguiente <a href=\"mailto:dpd@sayma.es\">dpd@sayma.es<\/a>.<\/p>\n<p><\/br><\/p>\n<h4><strong>Propiedad intelectual<\/strong><\/h4>\n<p>El c\u00f3digo fuente, los dise\u00f1os gr\u00e1ficos, las im\u00e1genes, las fotograf\u00edas, los sonidos, las animaciones, el software, los textos, as\u00ed como la informaci\u00f3n y los contenidos que se recogen en <strong>Sitio Web<\/strong> est\u00e1n protegidos por la legislaci\u00f3n espa\u00f1ola sobre los derechos de propiedad intelectual e industrial, a favor de <strong>KURSAAL, <\/strong>y no se permite la reproducci\u00f3n y\/o publicaci\u00f3n, total o parcial, del <strong>Sitio Web<\/strong>, ni su tratamiento inform\u00e1tico, su distribuci\u00f3n, su difusi\u00f3n, ni su modificaci\u00f3n, transformaci\u00f3n o des-compilaci\u00f3n, ni dem\u00e1s derechos reconocidos legalmente a su titular, sin el permiso previo y por escrito del <strong>\u00a0<\/strong>propio<strong> KURSAAL<\/strong>.<\/p>\n<p>El <strong>Usuario<\/strong>, \u00fanica y exclusivamente, puede utilizar el material que aparezca en cada momento en el <strong>Sitio Web<\/strong> para su uso personal y privado, quedando prohibido su uso con fines comerciales o para incurrir en actividades il\u00edcitas. Todos los derechos derivados de la propiedad intelectual est\u00e1n expresamente reservados para <strong>KURSAAL<\/strong><em>.<\/em><\/p>\n<p><strong>KURSAAL <\/strong>velar\u00e1 por el cumplimiento de las anteriores condiciones, as\u00ed como por la debida utilizaci\u00f3n de los contenidos presentados en su <strong>Sitio Web<\/strong>, ejercitando todas las acciones civiles y penales que le correspondan en caso de infracci\u00f3n o incumplimiento de estos derechos por parte del <strong>Usuario<\/strong>.<\/p>\n<p><\/br><\/p>\n<h4><strong>Condiciones de uso <\/strong><\/h4>\n<p><strong>A.<\/strong>&#8211; <strong>KURSAAL <\/strong>podr\u00e1 modificar en cualquier momento, ilimitadamente, y sin previo aviso, la informaci\u00f3n contenida en el <strong>Sitio Web<\/strong>, as\u00ed como su configuraci\u00f3n y presentaci\u00f3n.<\/p>\n<p><strong>B.<\/strong>&#8211; <strong>KURSAAL <\/strong>se compromete a trav\u00e9s de este medio a <u>no realizar publicidad enga\u00f1osa<\/u>. A estos efectos, no ser\u00e1n considerados como publicidad enga\u00f1osa los errores formales o num\u00e9ricos que puedan encontrarse a lo largo del contenido de las distintas secciones del <strong>Sitio Web<\/strong> de <strong>KURSAAL <\/strong>producidos como consecuencia de un mantenimiento y\/o actualizaci\u00f3n incompleta o defectuosa de la informaci\u00f3n contenida en estas secciones. <strong>KURSAAL, <\/strong>como consecuencia de lo dispuesto en este apartado, se compromete a corregirlo tan pronto como tenga conocimiento de dichos errores.<\/p>\n<p><strong>C<\/strong>.- <strong>KURSAAL <\/strong>se compromete a <u>no remitir comunicaciones comerciales sin identificarlas como tales<\/u>, conforme a lo dispuesto en la <em>Ley 34\/2002 de Servicios de la Sociedad de la Informaci\u00f3n y de comercio electr\u00f3nico<\/em>. A estos efectos, no ser\u00e1 considerada comunicaci\u00f3n comercial toda aquella informaci\u00f3n que se env\u00ede a los clientes de <strong>KURSAAL <\/strong>siempre que la comunicaci\u00f3n tenga por finalidad el mantenimiento de la relaci\u00f3n contractual existente entre cliente y <strong>KURSAAL<\/strong>, as\u00ed como el desempe\u00f1o de las tareas de informaci\u00f3n, formaci\u00f3n y otras actividades propias del servicio que el cliente tiene contratado con <strong>KURSAAL<\/strong>.<\/p>\n<p><strong>D.<\/strong>&#8211; <strong>KURSAAL <\/strong>no se hace responsable del incumplimiento de cualquier norma aplicable en que pueda incurrir el <strong>Usuario<\/strong> en su acceso al <strong>Sitio Web<\/strong> y\/o en el uso de las informaciones contenidas en el mismo.<\/p>\n<p><strong>E.<\/strong>&#8211; <strong>KURSAAL <\/strong>no ser\u00e1 responsable de los da\u00f1os y perjuicios producidos, o que puedan producirse, cualquiera que sea su naturaleza, derivados del uso de la informaci\u00f3n, de las materias contenidas en el<strong>Sitio Web<\/strong> y de los programas que incorpora. Los enlaces (links) e hipertextos que posibiliten, a trav\u00e9s del <strong>Sitio Web<\/strong>, acceder al <strong>Usuario<\/strong> a prestaciones y servicios ofrecidos por terceros, no pertenecen ni se encuentran bajo el control de <strong>KURSAAL<\/strong>; <strong>KURSAAL<\/strong> no se hace responsable ni de la informaci\u00f3n contenida en los mismos, ni de cualesquiera consecuencias que pudieran derivarse de dicha informaci\u00f3n.<\/p>\n<p><strong>F.<\/strong>&#8211; <strong>KURSAAL <\/strong>no se hace responsable del uso ileg\u00edtimo que terceras personas puedan hacer de los nombres de marca, nombres de producto, marcas comerciales que, no siendo propiedad de <strong>KURSAAL<\/strong>, aparezcan en el <strong>Sitio Web<\/strong>. Tampoco se responsabiliza de la integridad, veracidad y licitud del contenido de los enlaces a las webs a las que pueda accederse desde el <strong>Sitio Web<\/strong>.<\/p>\n<p><strong>G.<\/strong>&#8211; En definitiva, el <strong>Usuario<\/strong> es el \u00fanico responsable del uso que realice de los servicios, contenidos, enlaces (links) e hipertextos incluidos en el <strong>Sitio Web<\/strong>.<\/p>\n<p><\/br><\/p>\n<h4><strong>Protecci\u00f3n de datos de car\u00e1cter personal<\/strong><strong>\u00a0<\/strong><\/h4>\n<p>Encontrar\u00e1 informaci\u00f3n detallada sobre el tratamiento de sus datos personales en el apartado \u201cDeclaraci\u00f3n de Privacidad\u201d en esta misma web.<strong>\u00a0<\/strong><\/p>\n<p><strong>\u00a0<\/strong><\/p>\n<p>\u00daltima fecha de actualizaci\u00f3n: enero de 2022<\/p>\n<\/div>\n<\/div>\n","protected":false},"excerpt":{"rendered":"<p>&nbsp; &nbsp; CENTRO KURSAAL-KURSAAL ELKARGUNEA, S.A. (en adelante, \u201cKURSAAL\u201d) facilita a los usuarios (el \u00abUsuario\u00bb o los \u00abUsuarios\u00ab) del presente sitio web, www.kursaal.eus, (en adelante el \u00abSitio Web\u201d) los siguientes datos de informaci\u00f3n general, de [&hellip;]<\/p>\n","protected":false},"author":10000095,"featured_media":0,"parent":0,"menu_order":0,"comment_status":"open","ping_status":"open","template":"","meta":{"_acf_changed":false,"footnotes":""},"class_list":["post-2304","page","type-page","status-publish","hentry"],"acf":[],"yoast_head":"<!-- This site is optimized with the Yoast SEO plugin v27.0 - https:\/\/yoast.com\/product\/yoast-seo-wordpress\/ -->\n<title>Aviso Legal, Propiedad Intelectual y Condiciones de Uso - Kursaal Donostia - San Sebasti\u00e1n<\/title>\n<meta name=\"robots\" content=\"index, follow, max-snippet:-1, max-image-preview:large, max-video-preview:-1\" \/>\n<link rel=\"canonical\" href=\"https:\/\/www.kursaal.eus\/es\/aviso-legal-propiedad-intelectual-y-condiciones-de-uso\/\" \/>\n<meta property=\"og:locale\" content=\"es_ES\" \/>\n<meta property=\"og:type\" content=\"article\" \/>\n<meta property=\"og:title\" content=\"Aviso Legal, Propiedad Intelectual y Condiciones de Uso - Kursaal Donostia - San Sebasti\u00e1n\" \/>\n<meta property=\"og:description\" content=\"&nbsp; &nbsp; CENTRO KURSAAL-KURSAAL ELKARGUNEA, S.A. (en adelante, \u201cKURSAAL\u201d) facilita a los usuarios (el \u00abUsuario\u00bb o los \u00abUsuarios\u00ab) del presente sitio web, www.kursaal.eus, (en adelante el \u00abSitio Web\u201d) los siguientes datos de informaci\u00f3n general, de [&hellip;]\" \/>\n<meta property=\"og:url\" content=\"https:\/\/www.kursaal.eus\/es\/aviso-legal-propiedad-intelectual-y-condiciones-de-uso\/\" \/>\n<meta property=\"og:site_name\" content=\"Kursaal Donostia - San Sebasti\u00e1n\" \/>\n<meta property=\"article:publisher\" content=\"https:\/\/www.facebook.com\/KursaalPalaciodeCongresosBiltzarJauregia\" \/>\n<meta property=\"article:modified_time\" content=\"2022-02-17T13:21:53+00:00\" \/>\n<meta name=\"twitter:label1\" content=\"Tiempo de lectura\" \/>\n\t<meta name=\"twitter:data1\" content=\"4 minutos\" \/>\n<script type=\"application\/ld+json\" class=\"yoast-schema-graph\">{\"@context\":\"https:\/\/schema.org\",\"@graph\":[{\"@type\":\"WebPage\",\"@id\":\"https:\/\/www.kursaal.eus\/es\/aviso-legal-propiedad-intelectual-y-condiciones-de-uso\/\",\"url\":\"https:\/\/www.kursaal.eus\/es\/aviso-legal-propiedad-intelectual-y-condiciones-de-uso\/\",\"name\":\"Aviso Legal, Propiedad Intelectual y Condiciones de Uso - Kursaal Donostia - San Sebasti\u00e1n\",\"isPartOf\":{\"@id\":\"https:\/\/www.kursaal.eus\/es\/#website\"},\"datePublished\":\"2015-02-09T12:43:06+00:00\",\"dateModified\":\"2022-02-17T13:21:53+00:00\",\"inLanguage\":\"es\",\"potentialAction\":[{\"@type\":\"ReadAction\",\"target\":[\"https:\/\/www.kursaal.eus\/es\/aviso-legal-propiedad-intelectual-y-condiciones-de-uso\/\"]}]},{\"@type\":\"WebSite\",\"@id\":\"https:\/\/www.kursaal.eus\/es\/#website\",\"url\":\"https:\/\/www.kursaal.eus\/es\/\",\"name\":\"Kursaal Donostia - San Sebasti\u00e1n\",\"description\":\"Palacio de Congresos y Auditorio\",\"potentialAction\":[{\"@type\":\"SearchAction\",\"target\":{\"@type\":\"EntryPoint\",\"urlTemplate\":\"https:\/\/www.kursaal.eus\/es\/?s={search_term_string}\"},\"query-input\":{\"@type\":\"PropertyValueSpecification\",\"valueRequired\":true,\"valueName\":\"search_term_string\"}}],\"inLanguage\":\"es\"}]}<\/script>\n<!-- \/ Yoast SEO plugin. -->","yoast_head_json":{"title":"Aviso Legal, Propiedad Intelectual y Condiciones de Uso - Kursaal Donostia - San Sebasti\u00e1n","robots":{"index":"index","follow":"follow","max-snippet":"max-snippet:-1","max-image-preview":"max-image-preview:large","max-video-preview":"max-video-preview:-1"},"canonical":"https:\/\/www.kursaal.eus\/es\/aviso-legal-propiedad-intelectual-y-condiciones-de-uso\/","og_locale":"es_ES","og_type":"article","og_title":"Aviso Legal, Propiedad Intelectual y Condiciones de Uso - Kursaal Donostia - San Sebasti\u00e1n","og_description":"&nbsp; &nbsp; CENTRO KURSAAL-KURSAAL ELKARGUNEA, S.A. (en adelante, \u201cKURSAAL\u201d) facilita a los usuarios (el \u00abUsuario\u00bb o los \u00abUsuarios\u00ab) del presente sitio web, www.kursaal.eus, (en adelante el \u00abSitio Web\u201d) los siguientes datos de informaci\u00f3n general, de [&hellip;]","og_url":"https:\/\/www.kursaal.eus\/es\/aviso-legal-propiedad-intelectual-y-condiciones-de-uso\/","og_site_name":"Kursaal Donostia - San Sebasti\u00e1n","article_publisher":"https:\/\/www.facebook.com\/KursaalPalaciodeCongresosBiltzarJauregia","article_modified_time":"2022-02-17T13:21:53+00:00","twitter_misc":{"Tiempo de lectura":"4 minutos"},"schema":{"@context":"https:\/\/schema.org","@graph":[{"@type":"WebPage","@id":"https:\/\/www.kursaal.eus\/es\/aviso-legal-propiedad-intelectual-y-condiciones-de-uso\/","url":"https:\/\/www.kursaal.eus\/es\/aviso-legal-propiedad-intelectual-y-condiciones-de-uso\/","name":"Aviso Legal, Propiedad Intelectual y Condiciones de Uso - Kursaal Donostia - San Sebasti\u00e1n","isPartOf":{"@id":"https:\/\/www.kursaal.eus\/es\/#website"},"datePublished":"2015-02-09T12:43:06+00:00","dateModified":"2022-02-17T13:21:53+00:00","inLanguage":"es","potentialAction":[{"@type":"ReadAction","target":["https:\/\/www.kursaal.eus\/es\/aviso-legal-propiedad-intelectual-y-condiciones-de-uso\/"]}]},{"@type":"WebSite","@id":"https:\/\/www.kursaal.eus\/es\/#website","url":"https:\/\/www.kursaal.eus\/es\/","name":"Kursaal Donostia - San Sebasti\u00e1n","description":"Palacio de Congresos y Auditorio","potentialAction":[{"@type":"SearchAction","target":{"@type":"EntryPoint","urlTemplate":"https:\/\/www.kursaal.eus\/es\/?s={search_term_string}"},"query-input":{"@type":"PropertyValueSpecification","valueRequired":true,"valueName":"search_term_string"}}],"inLanguage":"es"}]}},"_links":{"self":[{"href":"https:\/\/www.kursaal.eus\/es\/wp-json\/wp\/v2\/pages\/2304","targetHints":{"allow":["GET"]}}],"collection":[{"href":"https:\/\/www.kursaal.eus\/es\/wp-json\/wp\/v2\/pages"}],"about":[{"href":"https:\/\/www.kursaal.eus\/es\/wp-json\/wp\/v2\/types\/page"}],"author":[{"embeddable":true,"href":"https:\/\/www.kursaal.eus\/es\/wp-json\/wp\/v2\/users\/10000095"}],"replies":[{"embeddable":true,"href":"https:\/\/www.kursaal.eus\/es\/wp-json\/wp\/v2\/comments?post=2304"}],"version-history":[{"count":15,"href":"https:\/\/www.kursaal.eus\/es\/wp-json\/wp\/v2\/pages\/2304\/revisions"}],"predecessor-version":[{"id":70104,"href":"https:\/\/www.kursaal.eus\/es\/wp-json\/wp\/v2\/pages\/2304\/revisions\/70104"}],"wp:attachment":[{"href":"https:\/\/www.kursaal.eus\/es\/wp-json\/wp\/v2\/media?parent=2304"}],"curies":[{"name":"wp","href":"https:\/\/api.w.org\/{rel}","templated":true}]}}