{"id":75369,"date":"2022-11-22T11:37:31","date_gmt":"2022-11-22T11:37:31","guid":{"rendered":"https:\/\/www.kursaal.eus\/?page_id=75369"},"modified":"2022-11-22T13:30:09","modified_gmt":"2022-11-22T13:30:09","slug":"enbaxadore-2021","status":"publish","type":"page","link":"https:\/\/www.kursaal.eus\/en\/kursaal-congress-centre\/enbaxadore-programme\/enbaxadore-2021\/","title":{"rendered":"ENBAXADORE 2021"},"content":{"rendered":"<div class=\"row\">\n<div class=\"col-md-5\">\n<p><strong>El Programa Enbaxadore reconoce a nueve nuevos profesionales<\/strong><\/p>\n<p><strong>\u00a0<\/strong><strong>Programa promovido por San Sebasti\u00e1n Turismo &amp; Convention Bureau y Kursaal<\/strong><\/p>\n<p>Donostia San Sebasti\u00e1n Turismoa y el Kursaal retoman el acto de reconocimiento del programa Enbaxadore, que no lleg\u00f3 a celebrarse en 2020 por la irrupci\u00f3n de la pandemia, y nombran en esta edici\u00f3n, a nueve profesionales como nuevos embajadores de San Sebasti\u00e1n. Este programa busca apoyar y fomentar un a\u00f1o m\u00e1s el turismo de reuniones en nuestro destino.<\/p>\n<p>El acto se celebr\u00f3 en el Palacio de Miramar y participaron, adem\u00e1s de los nuevos Enbaxadore, <strong>Eneko Goia<\/strong>, alcalde de San Sebasti\u00e1n y presidente de Donostia San Sebasti\u00e1n Turismoa; <strong>Markel Olano<\/strong>, el Diputado General de Gipuzkoa y presidente del Centro Kursaal; <strong>Isabel Aguirrezabala<\/strong>, directora gerente de Donostia San Sebasti\u00e1n Turismoa; e <strong>Iker Goikoetxea,<\/strong> director-gerente del Kursaal.<\/p>\n<p>El programa Enbaxadore fue creado en el a\u00f1o 2012 para distinguir a los profesionales que han organizado reuniones, eventos o congresos de m\u00e1s de 450 delegados (en caso de citas nacionales) y de m\u00e1s de 200 asistentes (en caso de foros internacionales) en la ciudad.<\/p>\n<p>Los nuevos \u201cEnbaxadore\u201d se unen a la lista de los 67 profesionales que conforman este prestigioso \u201cclub\u201d, creado hace seis a\u00f1os.<\/p>\n<\/div>\n<div class=\"col-md-5\">\n<p><strong>Impacto de la actividad congresual en Donostia \/ San Sebasti\u00e1n y Gipuzkoa<\/strong><\/p>\n<p><strong>\u00a0<\/strong>Este programa, promovido por San Sebastian Turismo &amp; Convention Bureau y Kursaal, tiene como objetivo reconocer la labor de aquellas personas gracias a las cuales Donostia se ha convertido en sede de importantes eventos estatales e internacionales, favoreciendo as\u00ed la difusi\u00f3n y promoci\u00f3n del destino.<\/p>\n<p>Presentar una candidatura y responsabilizarse de la organizaci\u00f3n de un congreso supone un esfuerzo que Kursaal y San Sebasti\u00e1n Turismo &amp; Convention Bureau quieren subrayar porque de esta labor desinteresada deriva una importante repercusi\u00f3n, tanto a nivel econ\u00f3mico como generadora y difusora del conocimiento en nuestro entorno.<\/p>\n<p>Los congresos son el segmento con mayor potencial de crecimiento y una actividad que aporta gran valor en t\u00e9rminos cuantitativos, un dinamizador econ\u00f3mico del territorio. En 2017 se han celebrado 111 eventos, relacionados con el turismo de reuniones (congresos, jornadas, convenciones\u2026) en la ciudad. El 54,1% de los congresos celebrados han sido internacionales y 45,9% nacionales; y el impacto econ\u00f3mico estimado es de 36.956.500\u20ac (n\u00famero de pernoctaciones por gasto medio de 350 \u20ac por congresista).<\/p>\n<\/div>\n<div class=\"col-md-2\">\n<p><a href=\"https:\/\/www.kursaal.eus\/en\/2022\/11\/enbaxadore-2021\/\" target=\"_blank\" rel=\"noopener\"><img loading=\"lazy\" decoding=\"async\" class=\"alignnone wp-image-334 size-full\" src=\"https:\/\/www.kursaal.eus\/wp-content\/uploads\/2014\/08\/fotos.png\" alt=\"fotos\" width=\"32\" height=\"32\" \/><\/a><\/p>\n<ul class=\"_menu-interno_ submenu  mayusculas\"><li><a href=\"https:\/\/www.kursaal.eus\/en\/kursaal-congress-centre\/enbaxadore-programme\/enbaxadore-2012\/\">Enbaxadore 2012<\/a><\/li><li><a href=\"https:\/\/www.kursaal.eus\/en\/kursaal-congress-centre\/enbaxadore-programme\/enbaxadore-2014\/\">Enbaxadore 2014<\/a><\/li><li><a href=\"https:\/\/www.kursaal.eus\/en\/kursaal-congress-centre\/enbaxadore-programme\/enbaxadore-2017\/\">ENBAXADORE 2017<\/a><\/li><li><a href=\"https:\/\/www.kursaal.eus\/en\/kursaal-congress-centre\/enbaxadore-programme\/enbaxadore-2017-2\/\">ENBAXADORE 2017<\/a><\/li><li class=\"current\"><a href=\"https:\/\/www.kursaal.eus\/en\/kursaal-congress-centre\/enbaxadore-programme\/enbaxadore-2021\/\">ENBAXADORE 2021<\/a><\/li><li><a href=\"https:\/\/www.kursaal.eus\/en\/kursaal-congress-centre\/enbaxadore-programme\/enbaxadore-2021-3\/\">ENBAXADORE 2023<\/a><\/li><li><a href=\"https:\/\/www.kursaal.eus\/en\/kursaal-congress-centre\/enbaxadore-programme\/enbaxadore-2021-2\/\">ENBAXADORE 2026<\/a><\/li><\/ul>\n<ul style=\"margin: 0; padding: 0;\">\n<li><\/li>\n<\/ul>\n<\/div>\n<\/div>\n<div class=\"row\">\n<div class=\"col-md-12\">\n<p><strong>Los nuevos embajadores<\/strong><\/p>\n<table class=\"table\">\n<tbody>\n<tr>\n<td width=\"179\">Antonio Alegre Mill\u00e1n<\/td>\n<td width=\"472\">LVI SIMPOSIO CIENT\u00cdFICO DE AVICULTURA 2019<\/td>\n<td>Grupo AN<\/td>\n<\/tr>\n<tr>\n<td width=\"179\">Elena Moreno<\/td>\n<td width=\"472\">CHANGE THE CHANGE &#8211; INTERNATIONAL CONFERENCE ON CLIMATE CHANGE 2019<\/td>\n<td>Ihobe &#8211; Gobierno Vasco<\/td>\n<\/tr>\n<tr>\n<td width=\"179\">I\u00f1aki Guti\u00e9rrez Ibarluzea<\/td>\n<td width=\"472\">INTERNATIONAL CONFERENCE ON INTEGRATED CARE (ICIC) 2019<\/td>\n<td>BIOEF<\/td>\n<\/tr>\n<tr>\n<td width=\"179\">Ander Urrutikoetxea<\/td>\n<td width=\"472\">SIMPOSIO INTERNACIONAL DEL GRUPO ESPA\u00d1OL DE INVESTIGACI\u00d3N EN CANCER DE MAMA (GEICAM)<\/td>\n<td>Onkologikoa<\/td>\n<\/tr>\n<tr>\n<td width=\"179\">Isabel \u00c1lvarez L\u00f3pez<\/td>\n<td width=\"472\">SIMPOSIO INTERNACIONAL DEL GRUPO ESPA\u00d1OL DE INVESTIGACI\u00d3N EN CANCER DE MAMA (GEICAM)<\/td>\n<td>Donostialdea OSI<\/td>\n<\/tr>\n<tr>\n<td width=\"179\">Garikoitz Aristegi<\/td>\n<td width=\"472\">INTERNATIONAL SOSORT MEETING 2022<\/td>\n<td>\u00a0Scoliosis &amp; Posture Center<\/td>\n<\/tr>\n<tr>\n<td width=\"179\">Gema Varona Mart\u00ednez<\/td>\n<td width=\"472\">17TH INTERNATIONAL SYMPOSIUM OF THE WORLD SOCIETY OF VICTIMOLOGY 2022<\/td>\n<td>Instituto Vasco de Criminolog\u00eda &#8211; IVAC\/KREI<\/td>\n<\/tr>\n<tr>\n<td width=\"179\">Jos\u00e9 Luis de la Cuesta<\/td>\n<td width=\"472\">17TH INTERNATIONAL SYMPOSIUM OF THE WORLD SOCIETY OF VICTIMOLOGY 2022<\/td>\n<td>Instituto Vasco de Criminolog\u00eda &#8211; IVAC\/KREI<\/td>\n<\/tr>\n<tr>\n<td width=\"179\">Alejandro M\u00fcller<\/td>\n<td width=\"472\">XVII SIMPOSIO LATINOAMERICANO DE POL\u00cdMEROS (SLAP) 2022<\/td>\n<td>POLYMAT: Molecular and Supramolecular Materials Laboratories<\/td>\n<\/tr>\n<\/tbody>\n<\/table>\n<\/div>\n<\/div>\n","protected":false},"excerpt":{"rendered":"<p>El Programa Enbaxadore reconoce a nueve nuevos profesionales \u00a0Programa promovido por San Sebasti\u00e1n Turismo &amp; Convention Bureau y Kursaal Donostia San Sebasti\u00e1n Turismoa y el Kursaal retoman el acto de reconocimiento del programa Enbaxadore, que [&hellip;]<\/p>\n","protected":false},"author":10000097,"featured_media":75372,"parent":1104,"menu_order":0,"comment_status":"closed","ping_status":"closed","template":"page-kursaal.php","meta":{"_acf_changed":false,"footnotes":""},"class_list":["post-75369","page","type-page","status-publish","has-post-thumbnail","hentry"],"acf":[],"yoast_head":"<!-- This site is optimized with the Yoast SEO plugin v27.0 - https:\/\/yoast.com\/product\/yoast-seo-wordpress\/ -->\n<title>ENBAXADORE 2021 - Kursaal Donostia - San Sebasti\u00e1n<\/title>\n<meta name=\"robots\" content=\"index, follow, max-snippet:-1, max-image-preview:large, max-video-preview:-1\" \/>\n<link rel=\"canonical\" href=\"https:\/\/www.kursaal.eus\/en\/kursaal-congress-centre\/enbaxadore-programme\/enbaxadore-2021\/\" \/>\n<meta property=\"og:locale\" content=\"en_US\" \/>\n<meta property=\"og:type\" content=\"article\" \/>\n<meta property=\"og:title\" content=\"ENBAXADORE 2021 - Kursaal Donostia - San Sebasti\u00e1n\" \/>\n<meta property=\"og:description\" content=\"El Programa Enbaxadore reconoce a nueve nuevos profesionales \u00a0Programa promovido por San Sebasti\u00e1n Turismo &amp; Convention Bureau y Kursaal Donostia San Sebasti\u00e1n Turismoa y el Kursaal retoman el acto de reconocimiento del programa Enbaxadore, que [&hellip;]\" \/>\n<meta property=\"og:url\" content=\"https:\/\/www.kursaal.eus\/en\/kursaal-congress-centre\/enbaxadore-programme\/enbaxadore-2021\/\" \/>\n<meta property=\"og:site_name\" content=\"Kursaal Donostia - San Sebasti\u00e1n\" \/>\n<meta property=\"article:publisher\" content=\"https:\/\/www.facebook.com\/KursaalPalaciodeCongresosBiltzarJauregia\" \/>\n<meta property=\"article:modified_time\" content=\"2022-11-22T13:30:09+00:00\" \/>\n<meta property=\"og:image\" content=\"https:\/\/www.kursaal.eus\/wp-content\/uploads\/2022\/11\/I53FBN9.jpg\" \/>\n\t<meta property=\"og:image:width\" content=\"1839\" \/>\n\t<meta property=\"og:image:height\" content=\"1221\" \/>\n\t<meta property=\"og:image:type\" content=\"image\/jpeg\" \/>\n<meta name=\"twitter:label1\" content=\"Est. reading time\" \/>\n\t<meta name=\"twitter:data1\" content=\"3 minutes\" \/>\n<script type=\"application\/ld+json\" class=\"yoast-schema-graph\">{\"@context\":\"https:\/\/schema.org\",\"@graph\":[{\"@type\":\"WebPage\",\"@id\":\"https:\/\/www.kursaal.eus\/en\/kursaal-congress-centre\/enbaxadore-programme\/enbaxadore-2021\/\",\"url\":\"https:\/\/www.kursaal.eus\/en\/kursaal-congress-centre\/enbaxadore-programme\/enbaxadore-2021\/\",\"name\":\"ENBAXADORE 2021 - Kursaal Donostia - San Sebasti\u00e1n\",\"isPartOf\":{\"@id\":\"https:\/\/www.kursaal.eus\/es\/#website\"},\"primaryImageOfPage\":{\"@id\":\"https:\/\/www.kursaal.eus\/en\/kursaal-congress-centre\/enbaxadore-programme\/enbaxadore-2021\/#primaryimage\"},\"image\":{\"@id\":\"https:\/\/www.kursaal.eus\/en\/kursaal-congress-centre\/enbaxadore-programme\/enbaxadore-2021\/#primaryimage\"},\"thumbnailUrl\":\"https:\/\/www.kursaal.eus\/wp-content\/uploads\/2022\/11\/I53FBN9.jpg\",\"datePublished\":\"2022-11-22T11:37:31+00:00\",\"dateModified\":\"2022-11-22T13:30:09+00:00\",\"breadcrumb\":{\"@id\":\"https:\/\/www.kursaal.eus\/en\/kursaal-congress-centre\/enbaxadore-programme\/enbaxadore-2021\/#breadcrumb\"},\"inLanguage\":\"en-EN\",\"potentialAction\":[{\"@type\":\"ReadAction\",\"target\":[\"https:\/\/www.kursaal.eus\/en\/kursaal-congress-centre\/enbaxadore-programme\/enbaxadore-2021\/\"]}]},{\"@type\":\"ImageObject\",\"inLanguage\":\"en-EN\",\"@id\":\"https:\/\/www.kursaal.eus\/en\/kursaal-congress-centre\/enbaxadore-programme\/enbaxadore-2021\/#primaryimage\",\"url\":\"https:\/\/www.kursaal.eus\/wp-content\/uploads\/2022\/11\/I53FBN9.jpg\",\"contentUrl\":\"https:\/\/www.kursaal.eus\/wp-content\/uploads\/2022\/11\/I53FBN9.jpg\",\"width\":1839,\"height\":1221},{\"@type\":\"BreadcrumbList\",\"@id\":\"https:\/\/www.kursaal.eus\/en\/kursaal-congress-centre\/enbaxadore-programme\/enbaxadore-2021\/#breadcrumb\",\"itemListElement\":[{\"@type\":\"ListItem\",\"position\":1,\"name\":\"Kursaal\",\"item\":\"https:\/\/www.kursaal.eus\/en\/kursaal-congress-centre\/\"},{\"@type\":\"ListItem\",\"position\":2,\"name\":\"Enbaxadore Programme\",\"item\":\"https:\/\/www.kursaal.eus\/en\/kursaal-congress-centre\/enbaxadore-programme\/\"},{\"@type\":\"ListItem\",\"position\":3,\"name\":\"ENBAXADORE 2021\"}]},{\"@type\":\"WebSite\",\"@id\":\"https:\/\/www.kursaal.eus\/es\/#website\",\"url\":\"https:\/\/www.kursaal.eus\/es\/\",\"name\":\"Kursaal Donostia - San Sebasti\u00e1n\",\"description\":\"Palacio de Congresos y Auditorio\",\"potentialAction\":[{\"@type\":\"SearchAction\",\"target\":{\"@type\":\"EntryPoint\",\"urlTemplate\":\"https:\/\/www.kursaal.eus\/es\/?s={search_term_string}\"},\"query-input\":{\"@type\":\"PropertyValueSpecification\",\"valueRequired\":true,\"valueName\":\"search_term_string\"}}],\"inLanguage\":\"en-EN\"}]}<\/script>\n<!-- \/ Yoast SEO plugin. -->","yoast_head_json":{"title":"ENBAXADORE 2021 - Kursaal Donostia - San Sebasti\u00e1n","robots":{"index":"index","follow":"follow","max-snippet":"max-snippet:-1","max-image-preview":"max-image-preview:large","max-video-preview":"max-video-preview:-1"},"canonical":"https:\/\/www.kursaal.eus\/en\/kursaal-congress-centre\/enbaxadore-programme\/enbaxadore-2021\/","og_locale":"en_US","og_type":"article","og_title":"ENBAXADORE 2021 - Kursaal Donostia - San Sebasti\u00e1n","og_description":"El Programa Enbaxadore reconoce a nueve nuevos profesionales \u00a0Programa promovido por San Sebasti\u00e1n Turismo &amp; Convention Bureau y Kursaal Donostia San Sebasti\u00e1n Turismoa y el Kursaal retoman el acto de reconocimiento del programa Enbaxadore, que [&hellip;]","og_url":"https:\/\/www.kursaal.eus\/en\/kursaal-congress-centre\/enbaxadore-programme\/enbaxadore-2021\/","og_site_name":"Kursaal Donostia - San Sebasti\u00e1n","article_publisher":"https:\/\/www.facebook.com\/KursaalPalaciodeCongresosBiltzarJauregia","article_modified_time":"2022-11-22T13:30:09+00:00","og_image":[{"width":1839,"height":1221,"url":"https:\/\/www.kursaal.eus\/wp-content\/uploads\/2022\/11\/I53FBN9.jpg","type":"image\/jpeg"}],"twitter_misc":{"Est. reading time":"3 minutes"},"schema":{"@context":"https:\/\/schema.org","@graph":[{"@type":"WebPage","@id":"https:\/\/www.kursaal.eus\/en\/kursaal-congress-centre\/enbaxadore-programme\/enbaxadore-2021\/","url":"https:\/\/www.kursaal.eus\/en\/kursaal-congress-centre\/enbaxadore-programme\/enbaxadore-2021\/","name":"ENBAXADORE 2021 - Kursaal Donostia - San Sebasti\u00e1n","isPartOf":{"@id":"https:\/\/www.kursaal.eus\/es\/#website"},"primaryImageOfPage":{"@id":"https:\/\/www.kursaal.eus\/en\/kursaal-congress-centre\/enbaxadore-programme\/enbaxadore-2021\/#primaryimage"},"image":{"@id":"https:\/\/www.kursaal.eus\/en\/kursaal-congress-centre\/enbaxadore-programme\/enbaxadore-2021\/#primaryimage"},"thumbnailUrl":"https:\/\/www.kursaal.eus\/wp-content\/uploads\/2022\/11\/I53FBN9.jpg","datePublished":"2022-11-22T11:37:31+00:00","dateModified":"2022-11-22T13:30:09+00:00","breadcrumb":{"@id":"https:\/\/www.kursaal.eus\/en\/kursaal-congress-centre\/enbaxadore-programme\/enbaxadore-2021\/#breadcrumb"},"inLanguage":"en-EN","potentialAction":[{"@type":"ReadAction","target":["https:\/\/www.kursaal.eus\/en\/kursaal-congress-centre\/enbaxadore-programme\/enbaxadore-2021\/"]}]},{"@type":"ImageObject","inLanguage":"en-EN","@id":"https:\/\/www.kursaal.eus\/en\/kursaal-congress-centre\/enbaxadore-programme\/enbaxadore-2021\/#primaryimage","url":"https:\/\/www.kursaal.eus\/wp-content\/uploads\/2022\/11\/I53FBN9.jpg","contentUrl":"https:\/\/www.kursaal.eus\/wp-content\/uploads\/2022\/11\/I53FBN9.jpg","width":1839,"height":1221},{"@type":"BreadcrumbList","@id":"https:\/\/www.kursaal.eus\/en\/kursaal-congress-centre\/enbaxadore-programme\/enbaxadore-2021\/#breadcrumb","itemListElement":[{"@type":"ListItem","position":1,"name":"Kursaal","item":"https:\/\/www.kursaal.eus\/en\/kursaal-congress-centre\/"},{"@type":"ListItem","position":2,"name":"Enbaxadore Programme","item":"https:\/\/www.kursaal.eus\/en\/kursaal-congress-centre\/enbaxadore-programme\/"},{"@type":"ListItem","position":3,"name":"ENBAXADORE 2021"}]},{"@type":"WebSite","@id":"https:\/\/www.kursaal.eus\/es\/#website","url":"https:\/\/www.kursaal.eus\/es\/","name":"Kursaal Donostia - San Sebasti\u00e1n","description":"Palacio de Congresos y Auditorio","potentialAction":[{"@type":"SearchAction","target":{"@type":"EntryPoint","urlTemplate":"https:\/\/www.kursaal.eus\/es\/?s={search_term_string}"},"query-input":{"@type":"PropertyValueSpecification","valueRequired":true,"valueName":"search_term_string"}}],"inLanguage":"en-EN"}]}},"_links":{"self":[{"href":"https:\/\/www.kursaal.eus\/en\/wp-json\/wp\/v2\/pages\/75369","targetHints":{"allow":["GET"]}}],"collection":[{"href":"https:\/\/www.kursaal.eus\/en\/wp-json\/wp\/v2\/pages"}],"about":[{"href":"https:\/\/www.kursaal.eus\/en\/wp-json\/wp\/v2\/types\/page"}],"author":[{"embeddable":true,"href":"https:\/\/www.kursaal.eus\/en\/wp-json\/wp\/v2\/users\/10000097"}],"replies":[{"embeddable":true,"href":"https:\/\/www.kursaal.eus\/en\/wp-json\/wp\/v2\/comments?post=75369"}],"version-history":[{"count":5,"href":"https:\/\/www.kursaal.eus\/en\/wp-json\/wp\/v2\/pages\/75369\/revisions"}],"predecessor-version":[{"id":75585,"href":"https:\/\/www.kursaal.eus\/en\/wp-json\/wp\/v2\/pages\/75369\/revisions\/75585"}],"up":[{"embeddable":true,"href":"https:\/\/www.kursaal.eus\/en\/wp-json\/wp\/v2\/pages\/1104"}],"wp:featuredmedia":[{"embeddable":true,"href":"https:\/\/www.kursaal.eus\/en\/wp-json\/wp\/v2\/media\/75372"}],"wp:attachment":[{"href":"https:\/\/www.kursaal.eus\/en\/wp-json\/wp\/v2\/media?parent=75369"}],"curies":[{"name":"wp","href":"https:\/\/api.w.org\/{rel}","templated":true}]}}