{"id":41606,"date":"2018-11-22T11:21:28","date_gmt":"2018-11-22T11:21:28","guid":{"rendered":"https:\/\/www.kursaal.eus\/?page_id=41606"},"modified":"2021-11-11T16:18:25","modified_gmt":"2021-11-11T16:18:25","slug":"enbaxadore-2017-2","status":"publish","type":"page","link":"https:\/\/www.kursaal.eus\/en\/kursaal-congress-centre\/enbaxadore-programme\/enbaxadore-2017-2\/","title":{"rendered":"ENBAXADORE 2017"},"content":{"rendered":"<div class=\"row\">\n<div class=\"col-md-5\">\n<p><strong>El Programa Enbaxadore reconoce a siete nuevos profesionales<\/strong><\/p>\n<p><strong>\u00a0<\/strong><strong>Programa promovido por San Sebasti\u00e1n Turismo &amp; Convention Bureau y Kursaal<\/strong><\/p>\n<p>Siete profesionales han sido nombrados nuevos embajadores de San Sebasti\u00e1n en el marco del Programa Enbaxadore, promovido por San Sebasti\u00e1n Turismo &amp; Convention Bureau y el Kursaal, que busca apoyar y fomentar un a\u00f1o m\u00e1s el turismo de reuniones en nuestro destino.<\/p>\n<p>El acto se celebrar\u00e1 en el Hotel Arima hoy mi\u00e9rcoles 21 de noviembre a las 20:00h, y van a participar, adem\u00e1s de los nuevos \u201cEnbaxadore\u201d, Eneko Goia, presidente de San Sebasti\u00e1n Turismo &amp; Convention Bureau y Kursaal y alcalde de San Sebasti\u00e1n; Denis Itxaso, Diputado de Cultura, Turismo, Deportes y Cooperaci\u00f3n; Manu Narv\u00e1ez, director de San Sebasti\u00e1n Turismo &amp; Convention Bureau e Iker Goikoetxea, director-gerente del Kursaal.<\/p>\n<p>El programa Enbaxadore fue creado en el a\u00f1o 2012 para distinguir a los profesionales que han organizado reuniones, eventos o congresos de m\u00e1s de 450 delegados (en caso de citas nacionales) y de m\u00e1s de 200 asistentes (en caso de foros internacionales) en la ciudad.<\/p>\n<p>Los nuevos \u201cEnbaxadore\u201d se unen a la lista de los 59 profesionales que conforman este prestigioso \u201cclub\u201d, creado hace seis a\u00f1os.<\/p>\n<\/div>\n<div class=\"col-md-5\">\n<p><strong>Impacto de la actividad congresual en Donostia \/ San Sebasti\u00e1n y Gipuzkoa<\/strong><\/p>\n<p><strong>\u00a0<\/strong><\/p>\n<p>Este programa, promovido por San Sebastian Turismo &amp; Convention Bureau y Kursaal, tiene como objetivo reconocer la labor de aquellas personas gracias a las cuales Donostia se ha convertido en sede de importantes eventos estatales e internacionales, favoreciendo as\u00ed la difusi\u00f3n y promoci\u00f3n del destino.<\/p>\n<p>&nbsp;<\/p>\n<p>Presentar una candidatura y responsabilizarse de la organizaci\u00f3n de un congreso supone un esfuerzo que Kursaal y San Sebasti\u00e1n Turismo &amp; Convention Bureau quieren subrayar porque de esta labor desinteresada deriva una importante repercusi\u00f3n, tanto a nivel econ\u00f3mico como generadora y difusora del conocimiento en nuestro entorno.<\/p>\n<p>Los congresos son el segmento con mayor potencial de crecimiento y una actividad que aporta gran valor en t\u00e9rminos cuantitativos, un dinamizador econ\u00f3mico del territorio. En 2017 se han celebrado 111 eventos, relacionados con el turismo de reuniones (congresos, jornadas, convenciones\u2026) en la ciudad. El 54,1% de los congresos celebrados han sido internacionales y 45,9% nacionales; y el impacto econ\u00f3mico estimado es de 36.956.500\u20ac (n\u00famero de pernoctaciones por gasto medio de 350 \u20ac por congresista).<\/p>\n<p><strong>Los nuevos embajadores<\/strong><\/p>\n<p>&nbsp;<\/p>\n<table width=\"0\">\n<tbody>\n<tr>\n<td width=\"179\">Jos\u00e9 Ignacio Asensio G\u00e1llego<\/td>\n<td width=\"472\">CONGRESO SOCIEDAD ESPA\u00d1OLA DE CIRUG\u00cdA DE LA OBESIDAD M\u00d3RBIDA Y DE LAS ESFERMEDADES METAB\u00d3LICA (SECO)\u00a0 2020<\/td>\n<\/tr>\n<tr>\n<td width=\"179\">Santiago Larburu Etxaniz<\/td>\n<td width=\"472\">CONGRESO SOCIEDAD ESPA\u00d1OLA DE CIRUG\u00cdA DE LA OBESIDAD M\u00d3RBIDA Y DE LAS ESFERMEDADES METAB\u00d3LICA (SECO) 2020<\/td>\n<\/tr>\n<tr>\n<td width=\"179\">Rosa Mar\u00eda Valverde Citoras<\/td>\n<td width=\"472\">CONGRESO SECA (Sociedad Espa\u00f1ola de Calidad Asistencial) 2019<\/td>\n<\/tr>\n<tr>\n<td width=\"179\">Jos\u00e9 Juli\u00e1n Landa Maya<\/td>\n<td width=\"472\">XXV REUNI\u00d3N ANUAL DE LA SOCIEDAD ESPA\u00d1OLA DE URGENCIAS DE PEDIATR\u00cdA (SEUP) 2020<\/td>\n<\/tr>\n<tr>\n<td width=\"179\">Jos\u00e9 Luis Fern\u00e1ndez Maure<\/td>\n<td width=\"472\">CONGRESS OF THE WORLD FEDERATI\u00d3N OF COLLEGES AND POLYTECHNICS &#8211; WFCP 2020<\/td>\n<\/tr>\n<tr>\n<td width=\"179\">Mikel Oiarbide Garmendia<\/td>\n<td width=\"472\">REUNI\u00d3N BIENAL RS ESPA\u00d1OLA DE QU\u00cdMICA 2019<\/td>\n<\/tr>\n<tr>\n<td width=\"179\">Claudio Palomo Nicolau<\/td>\n<td width=\"472\">REUNI\u00d3N BIENAL RS ESPA\u00d1OLA DE QU\u00cdMICA 2019<\/td>\n<\/tr>\n<\/tbody>\n<\/table>\n<\/div>\n<div class=\"col-md-2\"><a href=\"https:\/\/www.kursaal.eus\/wp-admin\/post.php?post=41815&amp;action=edit&amp;lang=eu\" target=\"_blank\" rel=\"noopener\"><img loading=\"lazy\" decoding=\"async\" class=\"alignnone wp-image-334 size-full\" src=\"https:\/\/www.kursaal.eus\/wp-content\/uploads\/2014\/08\/fotos.png\" alt=\"fotos\" width=\"32\" height=\"32\" \/><\/a><br \/>\n<ul class=\"_menu-interno_ submenu  mayusculas\"><li><a href=\"https:\/\/www.kursaal.eus\/en\/kursaal-congress-centre\/enbaxadore-programme\/enbaxadore-2012\/\">Enbaxadore 2012<\/a><\/li><li><a href=\"https:\/\/www.kursaal.eus\/en\/kursaal-congress-centre\/enbaxadore-programme\/enbaxadore-2014\/\">Enbaxadore 2014<\/a><\/li><li><a href=\"https:\/\/www.kursaal.eus\/en\/kursaal-congress-centre\/enbaxadore-programme\/enbaxadore-2017\/\">ENBAXADORE 2017<\/a><\/li><li class=\"current\"><a href=\"https:\/\/www.kursaal.eus\/en\/kursaal-congress-centre\/enbaxadore-programme\/enbaxadore-2017-2\/\">ENBAXADORE 2017<\/a><\/li><li><a href=\"https:\/\/www.kursaal.eus\/en\/kursaal-congress-centre\/enbaxadore-programme\/enbaxadore-2021\/\">ENBAXADORE 2021<\/a><\/li><li><a href=\"https:\/\/www.kursaal.eus\/en\/kursaal-congress-centre\/enbaxadore-programme\/enbaxadore-2021-3\/\">ENBAXADORE 2023<\/a><\/li><li><a href=\"https:\/\/www.kursaal.eus\/en\/kursaal-congress-centre\/enbaxadore-programme\/enbaxadore-2021-2\/\">ENBAXADORE 2026<\/a><\/li><\/ul><\/div>\n<\/div>\n","protected":false},"excerpt":{"rendered":"<p>El Programa Enbaxadore reconoce a siete nuevos profesionales \u00a0Programa promovido por San Sebasti\u00e1n Turismo &amp; Convention Bureau y Kursaal Siete profesionales han sido nombrados nuevos embajadores de San Sebasti\u00e1n en el marco del Programa Enbaxadore, [&hellip;]<\/p>\n","protected":false},"author":10000097,"featured_media":41611,"parent":1104,"menu_order":0,"comment_status":"closed","ping_status":"closed","template":"page-kursaal.php","meta":{"_acf_changed":false,"footnotes":""},"class_list":["post-41606","page","type-page","status-publish","has-post-thumbnail","hentry"],"acf":[],"yoast_head":"<!-- This site is optimized with the Yoast SEO plugin v27.0 - https:\/\/yoast.com\/product\/yoast-seo-wordpress\/ -->\n<title>ENBAXADORE 2017 - Kursaal Donostia - San Sebasti\u00e1n<\/title>\n<meta name=\"robots\" content=\"index, follow, max-snippet:-1, max-image-preview:large, max-video-preview:-1\" \/>\n<link rel=\"canonical\" href=\"https:\/\/www.kursaal.eus\/en\/kursaal-congress-centre\/enbaxadore-programme\/enbaxadore-2017-2\/\" \/>\n<meta property=\"og:locale\" content=\"en_US\" \/>\n<meta property=\"og:type\" content=\"article\" \/>\n<meta property=\"og:title\" content=\"ENBAXADORE 2017 - Kursaal Donostia - San Sebasti\u00e1n\" \/>\n<meta property=\"og:description\" content=\"El Programa Enbaxadore reconoce a siete nuevos profesionales \u00a0Programa promovido por San Sebasti\u00e1n Turismo &amp; Convention Bureau y Kursaal Siete profesionales han sido nombrados nuevos embajadores de San Sebasti\u00e1n en el marco del Programa Enbaxadore, [&hellip;]\" \/>\n<meta property=\"og:url\" content=\"https:\/\/www.kursaal.eus\/en\/kursaal-congress-centre\/enbaxadore-programme\/enbaxadore-2017-2\/\" \/>\n<meta property=\"og:site_name\" content=\"Kursaal Donostia - San Sebasti\u00e1n\" \/>\n<meta property=\"article:publisher\" content=\"https:\/\/www.facebook.com\/KursaalPalaciodeCongresosBiltzarJauregia\" \/>\n<meta property=\"article:modified_time\" content=\"2021-11-11T16:18:25+00:00\" \/>\n<meta property=\"og:image\" content=\"https:\/\/www.kursaal.eus\/wp-content\/uploads\/2018\/11\/1811-Enbaxadore_46b.jpg\" \/>\n\t<meta property=\"og:image:width\" content=\"1200\" \/>\n\t<meta property=\"og:image:height\" content=\"734\" \/>\n\t<meta property=\"og:image:type\" content=\"image\/jpeg\" \/>\n<meta name=\"twitter:label1\" content=\"Est. reading time\" \/>\n\t<meta name=\"twitter:data1\" content=\"3 minutes\" \/>\n<script type=\"application\/ld+json\" class=\"yoast-schema-graph\">{\"@context\":\"https:\/\/schema.org\",\"@graph\":[{\"@type\":\"WebPage\",\"@id\":\"https:\/\/www.kursaal.eus\/en\/kursaal-congress-centre\/enbaxadore-programme\/enbaxadore-2017-2\/\",\"url\":\"https:\/\/www.kursaal.eus\/en\/kursaal-congress-centre\/enbaxadore-programme\/enbaxadore-2017-2\/\",\"name\":\"ENBAXADORE 2017 - Kursaal Donostia - San Sebasti\u00e1n\",\"isPartOf\":{\"@id\":\"https:\/\/www.kursaal.eus\/es\/#website\"},\"primaryImageOfPage\":{\"@id\":\"https:\/\/www.kursaal.eus\/en\/kursaal-congress-centre\/enbaxadore-programme\/enbaxadore-2017-2\/#primaryimage\"},\"image\":{\"@id\":\"https:\/\/www.kursaal.eus\/en\/kursaal-congress-centre\/enbaxadore-programme\/enbaxadore-2017-2\/#primaryimage\"},\"thumbnailUrl\":\"https:\/\/www.kursaal.eus\/wp-content\/uploads\/2018\/11\/1811-Enbaxadore_46b.jpg\",\"datePublished\":\"2018-11-22T11:21:28+00:00\",\"dateModified\":\"2021-11-11T16:18:25+00:00\",\"breadcrumb\":{\"@id\":\"https:\/\/www.kursaal.eus\/en\/kursaal-congress-centre\/enbaxadore-programme\/enbaxadore-2017-2\/#breadcrumb\"},\"inLanguage\":\"en-EN\",\"potentialAction\":[{\"@type\":\"ReadAction\",\"target\":[\"https:\/\/www.kursaal.eus\/en\/kursaal-congress-centre\/enbaxadore-programme\/enbaxadore-2017-2\/\"]}]},{\"@type\":\"ImageObject\",\"inLanguage\":\"en-EN\",\"@id\":\"https:\/\/www.kursaal.eus\/en\/kursaal-congress-centre\/enbaxadore-programme\/enbaxadore-2017-2\/#primaryimage\",\"url\":\"https:\/\/www.kursaal.eus\/wp-content\/uploads\/2018\/11\/1811-Enbaxadore_46b.jpg\",\"contentUrl\":\"https:\/\/www.kursaal.eus\/wp-content\/uploads\/2018\/11\/1811-Enbaxadore_46b.jpg\",\"width\":1200,\"height\":734},{\"@type\":\"BreadcrumbList\",\"@id\":\"https:\/\/www.kursaal.eus\/en\/kursaal-congress-centre\/enbaxadore-programme\/enbaxadore-2017-2\/#breadcrumb\",\"itemListElement\":[{\"@type\":\"ListItem\",\"position\":1,\"name\":\"Kursaal\",\"item\":\"https:\/\/www.kursaal.eus\/en\/kursaal-congress-centre\/\"},{\"@type\":\"ListItem\",\"position\":2,\"name\":\"Enbaxadore Programme\",\"item\":\"https:\/\/www.kursaal.eus\/en\/kursaal-congress-centre\/enbaxadore-programme\/\"},{\"@type\":\"ListItem\",\"position\":3,\"name\":\"ENBAXADORE 2017\"}]},{\"@type\":\"WebSite\",\"@id\":\"https:\/\/www.kursaal.eus\/es\/#website\",\"url\":\"https:\/\/www.kursaal.eus\/es\/\",\"name\":\"Kursaal Donostia - San Sebasti\u00e1n\",\"description\":\"Palacio de Congresos y Auditorio\",\"potentialAction\":[{\"@type\":\"SearchAction\",\"target\":{\"@type\":\"EntryPoint\",\"urlTemplate\":\"https:\/\/www.kursaal.eus\/es\/?s={search_term_string}\"},\"query-input\":{\"@type\":\"PropertyValueSpecification\",\"valueRequired\":true,\"valueName\":\"search_term_string\"}}],\"inLanguage\":\"en-EN\"}]}<\/script>\n<!-- \/ Yoast SEO plugin. -->","yoast_head_json":{"title":"ENBAXADORE 2017 - Kursaal Donostia - San Sebasti\u00e1n","robots":{"index":"index","follow":"follow","max-snippet":"max-snippet:-1","max-image-preview":"max-image-preview:large","max-video-preview":"max-video-preview:-1"},"canonical":"https:\/\/www.kursaal.eus\/en\/kursaal-congress-centre\/enbaxadore-programme\/enbaxadore-2017-2\/","og_locale":"en_US","og_type":"article","og_title":"ENBAXADORE 2017 - Kursaal Donostia - San Sebasti\u00e1n","og_description":"El Programa Enbaxadore reconoce a siete nuevos profesionales \u00a0Programa promovido por San Sebasti\u00e1n Turismo &amp; Convention Bureau y Kursaal Siete profesionales han sido nombrados nuevos embajadores de San Sebasti\u00e1n en el marco del Programa Enbaxadore, [&hellip;]","og_url":"https:\/\/www.kursaal.eus\/en\/kursaal-congress-centre\/enbaxadore-programme\/enbaxadore-2017-2\/","og_site_name":"Kursaal Donostia - San Sebasti\u00e1n","article_publisher":"https:\/\/www.facebook.com\/KursaalPalaciodeCongresosBiltzarJauregia","article_modified_time":"2021-11-11T16:18:25+00:00","og_image":[{"width":1200,"height":734,"url":"https:\/\/www.kursaal.eus\/wp-content\/uploads\/2018\/11\/1811-Enbaxadore_46b.jpg","type":"image\/jpeg"}],"twitter_misc":{"Est. reading time":"3 minutes"},"schema":{"@context":"https:\/\/schema.org","@graph":[{"@type":"WebPage","@id":"https:\/\/www.kursaal.eus\/en\/kursaal-congress-centre\/enbaxadore-programme\/enbaxadore-2017-2\/","url":"https:\/\/www.kursaal.eus\/en\/kursaal-congress-centre\/enbaxadore-programme\/enbaxadore-2017-2\/","name":"ENBAXADORE 2017 - Kursaal Donostia - San Sebasti\u00e1n","isPartOf":{"@id":"https:\/\/www.kursaal.eus\/es\/#website"},"primaryImageOfPage":{"@id":"https:\/\/www.kursaal.eus\/en\/kursaal-congress-centre\/enbaxadore-programme\/enbaxadore-2017-2\/#primaryimage"},"image":{"@id":"https:\/\/www.kursaal.eus\/en\/kursaal-congress-centre\/enbaxadore-programme\/enbaxadore-2017-2\/#primaryimage"},"thumbnailUrl":"https:\/\/www.kursaal.eus\/wp-content\/uploads\/2018\/11\/1811-Enbaxadore_46b.jpg","datePublished":"2018-11-22T11:21:28+00:00","dateModified":"2021-11-11T16:18:25+00:00","breadcrumb":{"@id":"https:\/\/www.kursaal.eus\/en\/kursaal-congress-centre\/enbaxadore-programme\/enbaxadore-2017-2\/#breadcrumb"},"inLanguage":"en-EN","potentialAction":[{"@type":"ReadAction","target":["https:\/\/www.kursaal.eus\/en\/kursaal-congress-centre\/enbaxadore-programme\/enbaxadore-2017-2\/"]}]},{"@type":"ImageObject","inLanguage":"en-EN","@id":"https:\/\/www.kursaal.eus\/en\/kursaal-congress-centre\/enbaxadore-programme\/enbaxadore-2017-2\/#primaryimage","url":"https:\/\/www.kursaal.eus\/wp-content\/uploads\/2018\/11\/1811-Enbaxadore_46b.jpg","contentUrl":"https:\/\/www.kursaal.eus\/wp-content\/uploads\/2018\/11\/1811-Enbaxadore_46b.jpg","width":1200,"height":734},{"@type":"BreadcrumbList","@id":"https:\/\/www.kursaal.eus\/en\/kursaal-congress-centre\/enbaxadore-programme\/enbaxadore-2017-2\/#breadcrumb","itemListElement":[{"@type":"ListItem","position":1,"name":"Kursaal","item":"https:\/\/www.kursaal.eus\/en\/kursaal-congress-centre\/"},{"@type":"ListItem","position":2,"name":"Enbaxadore Programme","item":"https:\/\/www.kursaal.eus\/en\/kursaal-congress-centre\/enbaxadore-programme\/"},{"@type":"ListItem","position":3,"name":"ENBAXADORE 2017"}]},{"@type":"WebSite","@id":"https:\/\/www.kursaal.eus\/es\/#website","url":"https:\/\/www.kursaal.eus\/es\/","name":"Kursaal Donostia - San Sebasti\u00e1n","description":"Palacio de Congresos y Auditorio","potentialAction":[{"@type":"SearchAction","target":{"@type":"EntryPoint","urlTemplate":"https:\/\/www.kursaal.eus\/es\/?s={search_term_string}"},"query-input":{"@type":"PropertyValueSpecification","valueRequired":true,"valueName":"search_term_string"}}],"inLanguage":"en-EN"}]}},"_links":{"self":[{"href":"https:\/\/www.kursaal.eus\/en\/wp-json\/wp\/v2\/pages\/41606","targetHints":{"allow":["GET"]}}],"collection":[{"href":"https:\/\/www.kursaal.eus\/en\/wp-json\/wp\/v2\/pages"}],"about":[{"href":"https:\/\/www.kursaal.eus\/en\/wp-json\/wp\/v2\/types\/page"}],"author":[{"embeddable":true,"href":"https:\/\/www.kursaal.eus\/en\/wp-json\/wp\/v2\/users\/10000097"}],"replies":[{"embeddable":true,"href":"https:\/\/www.kursaal.eus\/en\/wp-json\/wp\/v2\/comments?post=41606"}],"version-history":[{"count":3,"href":"https:\/\/www.kursaal.eus\/en\/wp-json\/wp\/v2\/pages\/41606\/revisions"}],"predecessor-version":[{"id":66439,"href":"https:\/\/www.kursaal.eus\/en\/wp-json\/wp\/v2\/pages\/41606\/revisions\/66439"}],"up":[{"embeddable":true,"href":"https:\/\/www.kursaal.eus\/en\/wp-json\/wp\/v2\/pages\/1104"}],"wp:featuredmedia":[{"embeddable":true,"href":"https:\/\/www.kursaal.eus\/en\/wp-json\/wp\/v2\/media\/41611"}],"wp:attachment":[{"href":"https:\/\/www.kursaal.eus\/en\/wp-json\/wp\/v2\/media?parent=41606"}],"curies":[{"name":"wp","href":"https:\/\/api.w.org\/{rel}","templated":true}]}}