{"id":103323,"date":"2026-03-12T11:50:44","date_gmt":"2026-03-12T11:50:44","guid":{"rendered":"https:\/\/www.kursaal.eus\/?page_id=103323"},"modified":"2026-03-18T10:48:25","modified_gmt":"2026-03-18T10:48:25","slug":"enbaxadore-2021-3","status":"publish","type":"page","link":"https:\/\/www.kursaal.eus\/en\/kursaal-congress-centre\/enbaxadore-programme\/enbaxadore-2021-3\/","title":{"rendered":"ENBAXADORE 2023"},"content":{"rendered":"<div class=\"row\">\n<div class=\"col-md-5\">\n<div class=\"row\">\n<div class=\"col-md-5\">\n<p><strong>El Programa Enbaxadore reconoce a siete nuevos profesionales<\/strong><\/p>\n<p><strong>Programa promovido por San Sebasti\u00e1n Turismo &amp; Convention Bureau y Kursaal<\/strong><\/p>\n<p>Los siete nuevos \u201cEnbaxadore\u201d han sido reconocidos p\u00fablicamente por su labor para atraer congresos a la ciudad, uni\u00e9ndose a este \u201cprestigioso club\u201d, creado en 2012, que suma ya 82 profesionales. El programa pretende distinguir a los profesionales de distintos \u00e1mbitos, desde \u00e1mbitos como la medicina, la ciencia o la tecnolog\u00eda que, a trav\u00e9s de su esfuerzo personal y laboral hayan contribuido a la presentaci\u00f3n de candidaturas y organizaci\u00f3n de congresos en San Sebasti\u00e1n, con el objetivo de apoyar y fomentar el sector MICE (Meetings, Incentives, Conferences &amp; Exhibitions) en nuestra ciudad. Se tienen en cuenta los congresos con m\u00e1s de 450 delegados, en caso de citas nacionales, y de m\u00e1s de 200 asistentes -en caso de foros internacionales.<\/p>\n<p>El acto de reconocimiento se celebr\u00f3 en el espacio Prisma de Tabakalera, y participaron, adem\u00e1s de los nuevos Enbaxadore, Eneko Goia, alcalde de San Sebasti\u00e1n y presidente de Donostia San Sebasti\u00e1n Turismoa; Javier Larra\u00f1aga, diputado foral de Promoci\u00f3n Econ\u00f3mica, Turismo y Medio Rural y consejero del Palacio de Congresos Kursaal; Isabel Aguirrezabala, directora gerente de Donostia San Sebasti\u00e1n Turismoa; e Iker Goikoetxea, director gerente del Palacio de Congresos Kursaal.<\/p>\n<\/div>\n<div class=\"col-md-5\">\n<p><strong>Impacto de la actividad congresual en Donostia \/ San Sebasti\u00e1n y Gipuzkoa<\/strong><\/p>\n<p>Presentar una candidatura y promover la organizaci\u00f3n de un congreso supone un esfuerzo que Donostia San Sebasti\u00e1n Turismoa, desde el departamento Convention Bureau, y el Palacio de Congresos Kursaal quieren subrayar, porque de esta labor desinteresada deriva una importante repercusi\u00f3n, tanto a nivel econ\u00f3mico como generadora y difusora de conocimiento en nuestro territorio.<\/p>\n<p>Los congresos son el segmento con mayor potencial de crecimiento, dentro de la industria de las reuniones, y una actividad que aporta gran valor en t\u00e9rminos cuantitativos, un dinamizador econ\u00f3mico del territorio. En 2022 se han celebrado 155 eventos (congresos, jornadas y convenciones), de los cuales el 60% eran internacionales.<\/p>\n<\/div>\n<div class=\"col-md-2\">\n<p><a href=\"https:\/\/www.kursaal.eus\/en\/2026\/03\/enbaxadore-2023\/\" target=\"_blank\" rel=\"noopener\"><img loading=\"lazy\" decoding=\"async\" class=\"alignnone wp-image-334 size-full\" src=\"https:\/\/www.kursaal.eus\/wp-content\/uploads\/2014\/08\/fotos.png\" alt=\"fotos\" width=\"32\" height=\"32\" \/><\/a><\/p>\n<ul class=\"_menu-interno_ submenu  mayusculas\"><li><a href=\"https:\/\/www.kursaal.eus\/en\/kursaal-congress-centre\/enbaxadore-programme\/enbaxadore-2012\/\">Enbaxadore 2012<\/a><\/li><li><a href=\"https:\/\/www.kursaal.eus\/en\/kursaal-congress-centre\/enbaxadore-programme\/enbaxadore-2014\/\">Enbaxadore 2014<\/a><\/li><li><a href=\"https:\/\/www.kursaal.eus\/en\/kursaal-congress-centre\/enbaxadore-programme\/enbaxadore-2017\/\">ENBAXADORE 2017<\/a><\/li><li><a href=\"https:\/\/www.kursaal.eus\/en\/kursaal-congress-centre\/enbaxadore-programme\/enbaxadore-2017-2\/\">ENBAXADORE 2017<\/a><\/li><li><a href=\"https:\/\/www.kursaal.eus\/en\/kursaal-congress-centre\/enbaxadore-programme\/enbaxadore-2021\/\">ENBAXADORE 2021<\/a><\/li><li class=\"current\"><a href=\"https:\/\/www.kursaal.eus\/en\/kursaal-congress-centre\/enbaxadore-programme\/enbaxadore-2021-3\/\">ENBAXADORE 2023<\/a><\/li><li><a href=\"https:\/\/www.kursaal.eus\/en\/kursaal-congress-centre\/enbaxadore-programme\/enbaxadore-2021-2\/\">ENBAXADORE 2026<\/a><\/li><\/ul>\n<ul style=\"margin: 0; padding: 0;\">\n<li><\/li>\n<\/ul>\n<\/div>\n<\/div>\n<div class=\"row\">\n<div class=\"col-md-12\">\n<p><strong>Los nuevos embajadores<\/strong><\/p>\n<table class=\"table\">\n<tbody>\n<tr>\n<td width=\"179\">Yago Torre-Enciso Enciso<\/td>\n<td width=\"472\">INTERNATIONAL CONFERENCE ON OCEAN ENERGY (ICOE) &amp; OCEAN ENERGY EUROPE (OEE)<\/td>\n<\/tr>\n<tr>\n<td width=\"179\">Marcos Su\u00e1rez Garc\u00eda<\/td>\n<td width=\"472\">INTERNATIONAL CONFERENCE ON OCEAN ENERGY (ICOE) &amp; OCEAN ENERGY EUROPE (OEE)<\/td>\n<\/tr>\n<tr>\n<td width=\"179\">Jes\u00fas Ibarluzea Maurolagoitia<\/td>\n<td width=\"472\">REUNI\u00d3N CIENT\u00cdFICA ANUAL DE LA SOCIEDAD ESPA\u00d1OLA DE EPIDEMIOLOG\u00cdA (SEE)<\/td>\n<\/tr>\n<tr>\n<td width=\"179\">Borja Mugabure Bujedo<\/td>\n<td width=\"472\">28\u00aa REUNI\u00d3N ANUAL DE LA SOCIEDAD EUROPEA DE ANESTESIA REGIONAL Y TRATAMIENTO DEL DOLOR (ESRA)<\/td>\n<\/tr>\n<tr>\n<td width=\"179\">Carlos Y\u00e1rnoz Ruiz<\/td>\n<td width=\"472\">28\u00aa REUNI\u00d3N ANUAL DE LA SOCIEDAD EUROPEA DE ANESTESIA REGIONAL Y TRATAMIENTO DEL DOLOR (ESRA)<\/td>\n<\/tr>\n<tr>\n<td width=\"179\">I\u00f1aki Aizpuru Zubitur<\/td>\n<td width=\"472\">CILECT CONGRESS &#8211; CENTRE INTERNATIONAL DE LIAISON DES ECOLES DE CINEMA ET DE TELEVISION<\/td>\n<\/tr>\n<tr>\n<td width=\"179\">Pablo Garc\u00eda Astrain<\/td>\n<td width=\"472\">EUROPAN 16, FORUM OF CITIES AND JURIES<\/td>\n<\/tr>\n<\/tbody>\n<\/table>\n<\/div>\n<\/div>\n<\/div>\n<\/div>\n<div class=\"row\"><\/div>\n","protected":false},"excerpt":{"rendered":"<p>El Programa Enbaxadore reconoce a siete nuevos profesionales Programa promovido por San Sebasti\u00e1n Turismo &amp; Convention Bureau y Kursaal Los siete nuevos \u201cEnbaxadore\u201d han sido reconocidos p\u00fablicamente por su labor para atraer congresos a la [&hellip;]<\/p>\n","protected":false},"author":10000097,"featured_media":103619,"parent":1104,"menu_order":0,"comment_status":"closed","ping_status":"closed","template":"page-kursaal.php","meta":{"_acf_changed":false,"footnotes":""},"class_list":["post-103323","page","type-page","status-publish","has-post-thumbnail","hentry"],"acf":[],"yoast_head":"<!-- This site is optimized with the Yoast SEO plugin v27.0 - https:\/\/yoast.com\/product\/yoast-seo-wordpress\/ -->\n<title>ENBAXADORE 2023 - Kursaal Donostia - San Sebasti\u00e1n<\/title>\n<meta name=\"robots\" content=\"index, follow, max-snippet:-1, max-image-preview:large, max-video-preview:-1\" \/>\n<link rel=\"canonical\" href=\"https:\/\/www.kursaal.eus\/en\/kursaal-congress-centre\/enbaxadore-programme\/enbaxadore-2021-3\/\" \/>\n<meta property=\"og:locale\" content=\"en_US\" \/>\n<meta property=\"og:type\" content=\"article\" \/>\n<meta property=\"og:title\" content=\"ENBAXADORE 2023 - Kursaal Donostia - San Sebasti\u00e1n\" \/>\n<meta property=\"og:description\" content=\"El Programa Enbaxadore reconoce a siete nuevos profesionales Programa promovido por San Sebasti\u00e1n Turismo &amp; Convention Bureau y Kursaal Los siete nuevos \u201cEnbaxadore\u201d han sido reconocidos p\u00fablicamente por su labor para atraer congresos a la [&hellip;]\" \/>\n<meta property=\"og:url\" content=\"https:\/\/www.kursaal.eus\/en\/kursaal-congress-centre\/enbaxadore-programme\/enbaxadore-2021-3\/\" \/>\n<meta property=\"og:site_name\" content=\"Kursaal Donostia - San Sebasti\u00e1n\" \/>\n<meta property=\"article:publisher\" content=\"https:\/\/www.facebook.com\/KursaalPalaciodeCongresosBiltzarJauregia\" \/>\n<meta property=\"article:modified_time\" content=\"2026-03-18T10:48:25+00:00\" \/>\n<meta property=\"og:image\" content=\"https:\/\/www.kursaal.eus\/wp-content\/uploads\/2026\/03\/JEG09317-1-scaled.jpg\" \/>\n\t<meta property=\"og:image:width\" content=\"2560\" \/>\n\t<meta property=\"og:image:height\" content=\"1426\" \/>\n\t<meta property=\"og:image:type\" content=\"image\/jpeg\" \/>\n<meta name=\"twitter:label1\" content=\"Est. reading time\" \/>\n\t<meta name=\"twitter:data1\" content=\"3 minutes\" \/>\n<script type=\"application\/ld+json\" class=\"yoast-schema-graph\">{\"@context\":\"https:\/\/schema.org\",\"@graph\":[{\"@type\":\"WebPage\",\"@id\":\"https:\/\/www.kursaal.eus\/en\/kursaal-congress-centre\/enbaxadore-programme\/enbaxadore-2021-3\/\",\"url\":\"https:\/\/www.kursaal.eus\/en\/kursaal-congress-centre\/enbaxadore-programme\/enbaxadore-2021-3\/\",\"name\":\"ENBAXADORE 2023 - Kursaal Donostia - San Sebasti\u00e1n\",\"isPartOf\":{\"@id\":\"https:\/\/www.kursaal.eus\/es\/#website\"},\"primaryImageOfPage\":{\"@id\":\"https:\/\/www.kursaal.eus\/en\/kursaal-congress-centre\/enbaxadore-programme\/enbaxadore-2021-3\/#primaryimage\"},\"image\":{\"@id\":\"https:\/\/www.kursaal.eus\/en\/kursaal-congress-centre\/enbaxadore-programme\/enbaxadore-2021-3\/#primaryimage\"},\"thumbnailUrl\":\"https:\/\/www.kursaal.eus\/wp-content\/uploads\/2026\/03\/JEG09317-1-scaled.jpg\",\"datePublished\":\"2026-03-12T11:50:44+00:00\",\"dateModified\":\"2026-03-18T10:48:25+00:00\",\"breadcrumb\":{\"@id\":\"https:\/\/www.kursaal.eus\/en\/kursaal-congress-centre\/enbaxadore-programme\/enbaxadore-2021-3\/#breadcrumb\"},\"inLanguage\":\"en-EN\",\"potentialAction\":[{\"@type\":\"ReadAction\",\"target\":[\"https:\/\/www.kursaal.eus\/en\/kursaal-congress-centre\/enbaxadore-programme\/enbaxadore-2021-3\/\"]}]},{\"@type\":\"ImageObject\",\"inLanguage\":\"en-EN\",\"@id\":\"https:\/\/www.kursaal.eus\/en\/kursaal-congress-centre\/enbaxadore-programme\/enbaxadore-2021-3\/#primaryimage\",\"url\":\"https:\/\/www.kursaal.eus\/wp-content\/uploads\/2026\/03\/JEG09317-1-scaled.jpg\",\"contentUrl\":\"https:\/\/www.kursaal.eus\/wp-content\/uploads\/2026\/03\/JEG09317-1-scaled.jpg\",\"width\":2560,\"height\":1426},{\"@type\":\"BreadcrumbList\",\"@id\":\"https:\/\/www.kursaal.eus\/en\/kursaal-congress-centre\/enbaxadore-programme\/enbaxadore-2021-3\/#breadcrumb\",\"itemListElement\":[{\"@type\":\"ListItem\",\"position\":1,\"name\":\"Kursaal\",\"item\":\"https:\/\/www.kursaal.eus\/en\/kursaal-congress-centre\/\"},{\"@type\":\"ListItem\",\"position\":2,\"name\":\"Enbaxadore Programme\",\"item\":\"https:\/\/www.kursaal.eus\/en\/kursaal-congress-centre\/enbaxadore-programme\/\"},{\"@type\":\"ListItem\",\"position\":3,\"name\":\"ENBAXADORE 2023\"}]},{\"@type\":\"WebSite\",\"@id\":\"https:\/\/www.kursaal.eus\/es\/#website\",\"url\":\"https:\/\/www.kursaal.eus\/es\/\",\"name\":\"Kursaal Donostia - San Sebasti\u00e1n\",\"description\":\"Palacio de Congresos y Auditorio\",\"potentialAction\":[{\"@type\":\"SearchAction\",\"target\":{\"@type\":\"EntryPoint\",\"urlTemplate\":\"https:\/\/www.kursaal.eus\/es\/?s={search_term_string}\"},\"query-input\":{\"@type\":\"PropertyValueSpecification\",\"valueRequired\":true,\"valueName\":\"search_term_string\"}}],\"inLanguage\":\"en-EN\"}]}<\/script>\n<!-- \/ Yoast SEO plugin. -->","yoast_head_json":{"title":"ENBAXADORE 2023 - Kursaal Donostia - San Sebasti\u00e1n","robots":{"index":"index","follow":"follow","max-snippet":"max-snippet:-1","max-image-preview":"max-image-preview:large","max-video-preview":"max-video-preview:-1"},"canonical":"https:\/\/www.kursaal.eus\/en\/kursaal-congress-centre\/enbaxadore-programme\/enbaxadore-2021-3\/","og_locale":"en_US","og_type":"article","og_title":"ENBAXADORE 2023 - Kursaal Donostia - San Sebasti\u00e1n","og_description":"El Programa Enbaxadore reconoce a siete nuevos profesionales Programa promovido por San Sebasti\u00e1n Turismo &amp; Convention Bureau y Kursaal Los siete nuevos \u201cEnbaxadore\u201d han sido reconocidos p\u00fablicamente por su labor para atraer congresos a la [&hellip;]","og_url":"https:\/\/www.kursaal.eus\/en\/kursaal-congress-centre\/enbaxadore-programme\/enbaxadore-2021-3\/","og_site_name":"Kursaal Donostia - San Sebasti\u00e1n","article_publisher":"https:\/\/www.facebook.com\/KursaalPalaciodeCongresosBiltzarJauregia","article_modified_time":"2026-03-18T10:48:25+00:00","og_image":[{"width":2560,"height":1426,"url":"https:\/\/www.kursaal.eus\/wp-content\/uploads\/2026\/03\/JEG09317-1-scaled.jpg","type":"image\/jpeg"}],"twitter_misc":{"Est. reading time":"3 minutes"},"schema":{"@context":"https:\/\/schema.org","@graph":[{"@type":"WebPage","@id":"https:\/\/www.kursaal.eus\/en\/kursaal-congress-centre\/enbaxadore-programme\/enbaxadore-2021-3\/","url":"https:\/\/www.kursaal.eus\/en\/kursaal-congress-centre\/enbaxadore-programme\/enbaxadore-2021-3\/","name":"ENBAXADORE 2023 - Kursaal Donostia - San Sebasti\u00e1n","isPartOf":{"@id":"https:\/\/www.kursaal.eus\/es\/#website"},"primaryImageOfPage":{"@id":"https:\/\/www.kursaal.eus\/en\/kursaal-congress-centre\/enbaxadore-programme\/enbaxadore-2021-3\/#primaryimage"},"image":{"@id":"https:\/\/www.kursaal.eus\/en\/kursaal-congress-centre\/enbaxadore-programme\/enbaxadore-2021-3\/#primaryimage"},"thumbnailUrl":"https:\/\/www.kursaal.eus\/wp-content\/uploads\/2026\/03\/JEG09317-1-scaled.jpg","datePublished":"2026-03-12T11:50:44+00:00","dateModified":"2026-03-18T10:48:25+00:00","breadcrumb":{"@id":"https:\/\/www.kursaal.eus\/en\/kursaal-congress-centre\/enbaxadore-programme\/enbaxadore-2021-3\/#breadcrumb"},"inLanguage":"en-EN","potentialAction":[{"@type":"ReadAction","target":["https:\/\/www.kursaal.eus\/en\/kursaal-congress-centre\/enbaxadore-programme\/enbaxadore-2021-3\/"]}]},{"@type":"ImageObject","inLanguage":"en-EN","@id":"https:\/\/www.kursaal.eus\/en\/kursaal-congress-centre\/enbaxadore-programme\/enbaxadore-2021-3\/#primaryimage","url":"https:\/\/www.kursaal.eus\/wp-content\/uploads\/2026\/03\/JEG09317-1-scaled.jpg","contentUrl":"https:\/\/www.kursaal.eus\/wp-content\/uploads\/2026\/03\/JEG09317-1-scaled.jpg","width":2560,"height":1426},{"@type":"BreadcrumbList","@id":"https:\/\/www.kursaal.eus\/en\/kursaal-congress-centre\/enbaxadore-programme\/enbaxadore-2021-3\/#breadcrumb","itemListElement":[{"@type":"ListItem","position":1,"name":"Kursaal","item":"https:\/\/www.kursaal.eus\/en\/kursaal-congress-centre\/"},{"@type":"ListItem","position":2,"name":"Enbaxadore Programme","item":"https:\/\/www.kursaal.eus\/en\/kursaal-congress-centre\/enbaxadore-programme\/"},{"@type":"ListItem","position":3,"name":"ENBAXADORE 2023"}]},{"@type":"WebSite","@id":"https:\/\/www.kursaal.eus\/es\/#website","url":"https:\/\/www.kursaal.eus\/es\/","name":"Kursaal Donostia - San Sebasti\u00e1n","description":"Palacio de Congresos y Auditorio","potentialAction":[{"@type":"SearchAction","target":{"@type":"EntryPoint","urlTemplate":"https:\/\/www.kursaal.eus\/es\/?s={search_term_string}"},"query-input":{"@type":"PropertyValueSpecification","valueRequired":true,"valueName":"search_term_string"}}],"inLanguage":"en-EN"}]}},"_links":{"self":[{"href":"https:\/\/www.kursaal.eus\/en\/wp-json\/wp\/v2\/pages\/103323","targetHints":{"allow":["GET"]}}],"collection":[{"href":"https:\/\/www.kursaal.eus\/en\/wp-json\/wp\/v2\/pages"}],"about":[{"href":"https:\/\/www.kursaal.eus\/en\/wp-json\/wp\/v2\/types\/page"}],"author":[{"embeddable":true,"href":"https:\/\/www.kursaal.eus\/en\/wp-json\/wp\/v2\/users\/10000097"}],"replies":[{"embeddable":true,"href":"https:\/\/www.kursaal.eus\/en\/wp-json\/wp\/v2\/comments?post=103323"}],"version-history":[{"count":3,"href":"https:\/\/www.kursaal.eus\/en\/wp-json\/wp\/v2\/pages\/103323\/revisions"}],"predecessor-version":[{"id":103660,"href":"https:\/\/www.kursaal.eus\/en\/wp-json\/wp\/v2\/pages\/103323\/revisions\/103660"}],"up":[{"embeddable":true,"href":"https:\/\/www.kursaal.eus\/en\/wp-json\/wp\/v2\/pages\/1104"}],"wp:featuredmedia":[{"embeddable":true,"href":"https:\/\/www.kursaal.eus\/en\/wp-json\/wp\/v2\/media\/103619"}],"wp:attachment":[{"href":"https:\/\/www.kursaal.eus\/en\/wp-json\/wp\/v2\/media?parent=103323"}],"curies":[{"name":"wp","href":"https:\/\/api.w.org\/{rel}","templated":true}]}}